{"id":1144,"date":"2023-11-24T14:07:52","date_gmt":"2023-11-24T13:07:52","guid":{"rendered":"https:\/\/pbs-marketing.de\/?page_id=1144"},"modified":"2023-11-24T15:37:16","modified_gmt":"2023-11-24T14:37:16","slug":"drucksachen","status":"publish","type":"page","link":"https:\/\/pbs-marketing.de\/en\/drucksachen\/","title":{"rendered":"Printed matter"},"content":{"rendered":"<div data-elementor-type=\"wp-page\" data-elementor-id=\"1144\" class=\"elementor elementor-1144\" data-elementor-post-type=\"page\">\n\t\t\t\t<div class=\"elementor-element elementor-element-91b779a e-flex e-con-boxed wpr-particle-no wpr-jarallax-no wpr-parallax-no wpr-sticky-section-no wpr-equal-height-no e-con e-parent\" data-id=\"91b779a\" data-element_type=\"container\" data-e-type=\"container\">\n\t\t\t\t\t<div class=\"e-con-inner\">\n\t\t\t\t<div class=\"elementor-element elementor-element-20f9ed7 elementor-widget elementor-widget-heading\" data-id=\"20f9ed7\" data-element_type=\"widget\" data-e-type=\"widget\" data-widget_type=\"heading.default\">\n\t\t\t\t<div class=\"elementor-widget-container\">\n\t\t\t\t\t<h1 class=\"elementor-heading-title elementor-size-default\">Printed matter<\/h1>\t\t\t\t<\/div>\n\t\t\t\t<\/div>\n\t\t\t\t<div class=\"elementor-element elementor-element-f833e44 elementor-widget elementor-widget-text-editor\" data-id=\"f833e44\" data-element_type=\"widget\" data-e-type=\"widget\" data-widget_type=\"text-editor.default\">\n\t\t\t\t<div class=\"elementor-widget-container\">\n\t\t\t\t\t\t\t\t\t<p>From the design to the finished product, you get everything from a single source. Brochures, business stationery, flyers, business cards ...<\/p>\t\t\t\t\t\t\t\t<\/div>\n\t\t\t\t<\/div>\n\t\t\t\t\t<\/div>\n\t\t\t\t<\/div>\n\t\t<div class=\"elementor-element elementor-element-8cf6d67 e-flex e-con-boxed wpr-particle-no wpr-jarallax-no wpr-parallax-no wpr-sticky-section-no wpr-equal-height-no e-con e-parent\" data-id=\"8cf6d67\" data-element_type=\"container\" data-e-type=\"container\">\n\t\t\t\t\t<div class=\"e-con-inner\">\n\t\t<div class=\"elementor-element elementor-element-60e51c1 e-con-full e-flex wpr-particle-no wpr-jarallax-no wpr-parallax-no wpr-sticky-section-no wpr-equal-height-no e-con e-child\" data-id=\"60e51c1\" data-element_type=\"container\" data-e-type=\"container\">\n\t\t\t\t<div class=\"elementor-element elementor-element-18a1487 elementor-widget elementor-widget-heading\" data-id=\"18a1487\" data-element_type=\"widget\" data-e-type=\"widget\" data-widget_type=\"heading.default\">\n\t\t\t\t<div class=\"elementor-widget-container\">\n\t\t\t\t\t<h2 class=\"elementor-heading-title elementor-size-default\">Tailor-made print products for maximum impact\n<\/h2>\t\t\t\t<\/div>\n\t\t\t\t<\/div>\n\t\t\t\t<div class=\"elementor-element elementor-element-2e596d3 elementor-widget elementor-widget-text-editor\" data-id=\"2e596d3\" data-element_type=\"widget\" data-e-type=\"widget\" data-widget_type=\"text-editor.default\">\n\t\t\t\t<div class=\"elementor-widget-container\">\n\t\t\t\t\t\t\t\t\t<p>Our printing services offer customized solutions for a variety of needs. We use the latest digital and offset printing technologies to create high-quality products such as business cards, brochures, flyers, posters and more. We place particular emphasis on quality and attention to detail. Our experts provide comprehensive advice on the choice of materials and finishes to ensure that your printed products not only represent your brand in the best possible way, but are also durable and effective.<\/p>\t\t\t\t\t\t\t\t<\/div>\n\t\t\t\t<\/div>\n\t\t\t\t<\/div>\n\t\t<div class=\"elementor-element elementor-element-c97e209 e-con-full e-flex wpr-particle-no wpr-jarallax-no wpr-parallax-no wpr-sticky-section-no wpr-equal-height-no e-con e-child\" data-id=\"c97e209\" data-element_type=\"container\" data-e-type=\"container\">\n\t\t\t\t<div class=\"elementor-element elementor-element-f70995d elementor-widget elementor-widget-image\" data-id=\"f70995d\" data-element_type=\"widget\" data-e-type=\"widget\" data-widget_type=\"image.default\">\n\t\t\t\t<div class=\"elementor-widget-container\">\n\t\t\t\t\t\t\t\t\t\t\t\t\t\t\t<img fetchpriority=\"high\" decoding=\"async\" width=\"850\" height=\"850\" src=\"https:\/\/pbs-marketing.de\/wp-content\/uploads\/2022\/03\/Broschuere_SorglosBauen4.jpg\" class=\"attachment-large size-large wp-image-551\" alt=\"\" srcset=\"https:\/\/pbs-marketing.de\/wp-content\/uploads\/2022\/03\/Broschuere_SorglosBauen4.jpg 850w, https:\/\/pbs-marketing.de\/wp-content\/uploads\/2022\/03\/Broschuere_SorglosBauen4-300x300.jpg 300w, https:\/\/pbs-marketing.de\/wp-content\/uploads\/2022\/03\/Broschuere_SorglosBauen4-80x80.jpg 80w, https:\/\/pbs-marketing.de\/wp-content\/uploads\/2022\/03\/Broschuere_SorglosBauen4-768x768.jpg 768w, https:\/\/pbs-marketing.de\/wp-content\/uploads\/2022\/03\/Broschuere_SorglosBauen4-36x36.jpg 36w, https:\/\/pbs-marketing.de\/wp-content\/uploads\/2022\/03\/Broschuere_SorglosBauen4-180x180.jpg 180w, https:\/\/pbs-marketing.de\/wp-content\/uploads\/2022\/03\/Broschuere_SorglosBauen4-705x705.jpg 705w\" sizes=\"(max-width: 850px) 100vw, 850px\" \/>\t\t\t\t\t\t\t\t\t\t\t\t\t\t\t<\/div>\n\t\t\t\t<\/div>\n\t\t\t\t<\/div>\n\t\t\t\t\t<\/div>\n\t\t\t\t<\/div>\n\t\t<div class=\"elementor-element elementor-element-e283555 e-flex e-con-boxed wpr-particle-no wpr-jarallax-no wpr-parallax-no wpr-sticky-section-no wpr-equal-height-no e-con e-parent\" data-id=\"e283555\" data-element_type=\"container\" data-e-type=\"container\">\n\t\t\t\t\t<div class=\"e-con-inner\">\n\t\t<div class=\"elementor-element elementor-element-f3be74d e-con-full e-flex wpr-particle-no wpr-jarallax-no wpr-parallax-no wpr-sticky-section-no wpr-equal-height-no e-con e-child\" data-id=\"f3be74d\" data-element_type=\"container\" data-e-type=\"container\">\n\t\t\t\t<div class=\"elementor-element elementor-element-99a844f elementor-widget elementor-widget-image\" data-id=\"99a844f\" data-element_type=\"widget\" data-e-type=\"widget\" data-widget_type=\"image.default\">\n\t\t\t\t<div class=\"elementor-widget-container\">\n\t\t\t\t\t\t\t\t\t\t\t\t\t\t\t<img decoding=\"async\" width=\"850\" height=\"850\" src=\"https:\/\/pbs-marketing.de\/wp-content\/uploads\/2022\/03\/Broschuere_WES.jpg\" class=\"attachment-large size-large wp-image-546\" alt=\"\" srcset=\"https:\/\/pbs-marketing.de\/wp-content\/uploads\/2022\/03\/Broschuere_WES.jpg 850w, https:\/\/pbs-marketing.de\/wp-content\/uploads\/2022\/03\/Broschuere_WES-300x300.jpg 300w, https:\/\/pbs-marketing.de\/wp-content\/uploads\/2022\/03\/Broschuere_WES-80x80.jpg 80w, https:\/\/pbs-marketing.de\/wp-content\/uploads\/2022\/03\/Broschuere_WES-768x768.jpg 768w, https:\/\/pbs-marketing.de\/wp-content\/uploads\/2022\/03\/Broschuere_WES-36x36.jpg 36w, https:\/\/pbs-marketing.de\/wp-content\/uploads\/2022\/03\/Broschuere_WES-180x180.jpg 180w, https:\/\/pbs-marketing.de\/wp-content\/uploads\/2022\/03\/Broschuere_WES-705x705.jpg 705w\" sizes=\"(max-width: 850px) 100vw, 850px\" \/>\t\t\t\t\t\t\t\t\t\t\t\t\t\t\t<\/div>\n\t\t\t\t<\/div>\n\t\t\t\t<\/div>\n\t\t<div class=\"elementor-element elementor-element-59d9d29 e-con-full e-flex wpr-particle-no wpr-jarallax-no wpr-parallax-no wpr-sticky-section-no wpr-equal-height-no e-con e-child\" data-id=\"59d9d29\" data-element_type=\"container\" data-e-type=\"container\">\n\t\t\t\t<div class=\"elementor-element elementor-element-1f3a3f7 elementor-widget elementor-widget-heading\" data-id=\"1f3a3f7\" data-element_type=\"widget\" data-e-type=\"widget\" data-widget_type=\"heading.default\">\n\t\t\t\t<div class=\"elementor-widget-container\">\n\t\t\t\t\t<h2 class=\"elementor-heading-title elementor-size-default\">High-quality print products for every need\n<\/h2>\t\t\t\t<\/div>\n\t\t\t\t<\/div>\n\t\t\t\t<div class=\"elementor-element elementor-element-3bd7c7c elementor-widget elementor-widget-text-editor\" data-id=\"3bd7c7c\" data-element_type=\"widget\" data-e-type=\"widget\" data-widget_type=\"text-editor.default\">\n\t\t\t\t<div class=\"elementor-widget-container\">\n\t\t\t\t\t\t\t\t\t<p>Our range of professional printing solutions covers a broad spectrum to meet your business and marketing needs. From creating eye-catching business cards that make a lasting impression to informative brochures that clearly convey your message, we offer high-quality printing options that showcase your brand in the best possible way. With state-of-the-art printing technology and an eye for detail, we guarantee printed products that are not only visually impressive, but also durable and effective.<\/p>\t\t\t\t\t\t\t\t<\/div>\n\t\t\t\t<\/div>\n\t\t\t\t<\/div>\n\t\t\t\t\t<\/div>\n\t\t\t\t<\/div>\n\t\t\t\t<\/div>","protected":false},"excerpt":{"rendered":"<p>Drucksachen Vom Entwurf bis zum fertigen Produkt erhalten Sie alles aus einer Hand. Brosch\u00fcren, Gesch\u00e4ftspapiere, Flyer, Visitenkarten \u2026 Ma\u00dfgeschneiderte Druckprodukte f\u00fcr maximale Wirkung Unsere Druckdienstleistungen bieten ma\u00dfgeschneiderte L\u00f6sungen f\u00fcr eine Vielzahl von Bed\u00fcrfnissen. Wir nutzen die neuesten Digital- und Offsetdrucktechnologien, um hochwertige Produkte wie Visitenkarten, Brosch\u00fcren, Flyer, Plakate und mehr zu erstellen. Dabei legen wir besonderen Wert auf Qualit\u00e4t und Detailgenauigkeit. Unsere Experten beraten Sie umfassend bei der Auswahl von Materialien und Finishes, um sicherzustellen, dass Ihre Druckprodukte nicht nur Ihre Marke optimal repr\u00e4sentieren, sondern auch langlebig und wirksam sind. Hochwertige Druckerzeugnisse f\u00fcr jeden Bedarf Unser Angebot an professionellen Druckl\u00f6sungen deckt ein breites Spektrum ab, um Ihre Gesch\u00e4fts- und Marketinganforderungen zu erf\u00fcllen. Von der Erstellung auff\u00e4lliger Visitenkarten, die einen bleibenden Eindruck hinterlassen, bis hin zu informativen Brosch\u00fcren, die Ihre Botschaft klar vermitteln \u2013 wir bieten qualitativ hochwertige Druckoptionen, die Ihre Marke optimal pr\u00e4sentieren. Mit modernster Drucktechnologie und einem Auge f\u00fcrs Detail, garantieren wir Druckerzeugnisse, die nicht nur visuell beeindrucken, sondern auch langlebig und wirkungsvoll\u00a0sind.<\/p>","protected":false},"author":3,"featured_media":0,"parent":0,"menu_order":0,"comment_status":"closed","ping_status":"closed","template":"","meta":{"_monsterinsights_skip_tracking":false,"_monsterinsights_sitenote_active":false,"_monsterinsights_sitenote_note":"","_monsterinsights_sitenote_category":0,"footnotes":""},"class_list":["post-1144","page","type-page","status-publish","hentry"],"_links":{"self":[{"href":"https:\/\/pbs-marketing.de\/en\/wp-json\/wp\/v2\/pages\/1144","targetHints":{"allow":["GET"]}}],"collection":[{"href":"https:\/\/pbs-marketing.de\/en\/wp-json\/wp\/v2\/pages"}],"about":[{"href":"https:\/\/pbs-marketing.de\/en\/wp-json\/wp\/v2\/types\/page"}],"author":[{"embeddable":true,"href":"https:\/\/pbs-marketing.de\/en\/wp-json\/wp\/v2\/users\/3"}],"replies":[{"embeddable":true,"href":"https:\/\/pbs-marketing.de\/en\/wp-json\/wp\/v2\/comments?post=1144"}],"version-history":[{"count":13,"href":"https:\/\/pbs-marketing.de\/en\/wp-json\/wp\/v2\/pages\/1144\/revisions"}],"predecessor-version":[{"id":1184,"href":"https:\/\/pbs-marketing.de\/en\/wp-json\/wp\/v2\/pages\/1144\/revisions\/1184"}],"wp:attachment":[{"href":"https:\/\/pbs-marketing.de\/en\/wp-json\/wp\/v2\/media?parent=1144"}],"curies":[{"name":"wp","href":"https:\/\/api.w.org\/{rel}","templated":true}]}}