{"id":1149,"date":"2023-11-24T14:12:10","date_gmt":"2023-11-24T13:12:10","guid":{"rendered":"https:\/\/pbs-marketing.de\/?page_id=1149"},"modified":"2023-11-29T09:57:46","modified_gmt":"2023-11-29T08:57:46","slug":"produktfotografie","status":"publish","type":"page","link":"https:\/\/pbs-marketing.de\/en\/produktfotografie\/","title":{"rendered":"Product photography"},"content":{"rendered":"<div data-elementor-type=\"wp-page\" data-elementor-id=\"1149\" class=\"elementor elementor-1149\" data-elementor-post-type=\"page\">\n\t\t\t\t<div class=\"elementor-element elementor-element-694efd6 e-flex e-con-boxed wpr-particle-no wpr-jarallax-no wpr-parallax-no wpr-sticky-section-no wpr-equal-height-no e-con e-parent\" data-id=\"694efd6\" data-element_type=\"container\" data-e-type=\"container\">\n\t\t\t\t\t<div class=\"e-con-inner\">\n\t\t\t\t<div class=\"elementor-element elementor-element-49025ff elementor-widget elementor-widget-heading\" data-id=\"49025ff\" data-element_type=\"widget\" data-e-type=\"widget\" data-widget_type=\"heading.default\">\n\t\t\t\t<div class=\"elementor-widget-container\">\n\t\t\t\t\t<h2 class=\"elementor-heading-title elementor-size-default\">Product photography<\/h2>\t\t\t\t<\/div>\n\t\t\t\t<\/div>\n\t\t\t\t<div class=\"elementor-element elementor-element-8629b5f elementor-widget elementor-widget-text-editor\" data-id=\"8629b5f\" data-element_type=\"widget\" data-e-type=\"widget\" data-widget_type=\"text-editor.default\">\n\t\t\t\t<div class=\"elementor-widget-container\">\n\t\t\t\t\t\t\t\t\t<p>High-quality product photos for your sales success. Perfect staging &amp; creative ideas characterize our photos.<\/p>\t\t\t\t\t\t\t\t<\/div>\n\t\t\t\t<\/div>\n\t\t\t\t\t<\/div>\n\t\t\t\t<\/div>\n\t\t<div class=\"elementor-element elementor-element-b523795 e-flex e-con-boxed wpr-particle-no wpr-jarallax-no wpr-parallax-no wpr-sticky-section-no wpr-equal-height-no e-con e-parent\" data-id=\"b523795\" data-element_type=\"container\" data-e-type=\"container\">\n\t\t\t\t\t<div class=\"e-con-inner\">\n\t\t<div class=\"elementor-element elementor-element-2befe01 e-con-full e-flex wpr-particle-no wpr-jarallax-no wpr-parallax-no wpr-sticky-section-no wpr-equal-height-no e-con e-child\" data-id=\"2befe01\" data-element_type=\"container\" data-e-type=\"container\">\n\t\t\t\t<div class=\"elementor-element elementor-element-e6861bb elementor-widget elementor-widget-heading\" data-id=\"e6861bb\" data-element_type=\"widget\" data-e-type=\"widget\" data-widget_type=\"heading.default\">\n\t\t\t\t<div class=\"elementor-widget-container\">\n\t\t\t\t\t<h2 class=\"elementor-heading-title elementor-size-default\">Your products in the best light<\/h2>\t\t\t\t<\/div>\n\t\t\t\t<\/div>\n\t\t\t\t<div class=\"elementor-element elementor-element-cf9b19a elementor-widget elementor-widget-text-editor\" data-id=\"cf9b19a\" data-element_type=\"widget\" data-e-type=\"widget\" data-widget_type=\"text-editor.default\">\n\t\t\t\t<div class=\"elementor-widget-container\">\n\t\t\t\t\t\t\t\t\t<p>We offer a full range of product photography services designed to emphasize the uniqueness and quality of your products. Our professional photographers use advanced techniques and creative know-how to showcase your products in a way that captures the attention of your target audience. Whether for online stores, catalogs or promotional materials, our high-resolution, detailed photos will set your products apart from the competition and increase customer interest.<\/p>\t\t\t\t\t\t\t\t<\/div>\n\t\t\t\t<\/div>\n\t\t\t\t<\/div>\n\t\t<div class=\"elementor-element elementor-element-db2cfd2 e-con-full e-flex wpr-particle-no wpr-jarallax-no wpr-parallax-no wpr-sticky-section-no wpr-equal-height-no e-con e-child\" data-id=\"db2cfd2\" data-element_type=\"container\" data-e-type=\"container\">\n\t\t\t\t<div class=\"elementor-element elementor-element-a5b49be elementor-widget elementor-widget-image\" data-id=\"a5b49be\" data-element_type=\"widget\" data-e-type=\"widget\" data-widget_type=\"image.default\">\n\t\t\t\t<div class=\"elementor-widget-container\">\n\t\t\t\t\t\t\t\t\t\t\t\t\t\t\t<img fetchpriority=\"high\" decoding=\"async\" width=\"960\" height=\"955\" src=\"https:\/\/pbs-marketing.de\/wp-content\/uploads\/2023\/11\/kadarius-seegars-0FHNXqyqgg4-unsplash-scaled-e1701248240798-1030x1025.jpg\" class=\"attachment-large size-large wp-image-1206\" alt=\"\" srcset=\"https:\/\/pbs-marketing.de\/wp-content\/uploads\/2023\/11\/kadarius-seegars-0FHNXqyqgg4-unsplash-scaled-e1701248240798-1030x1025.jpg 1030w, https:\/\/pbs-marketing.de\/wp-content\/uploads\/2023\/11\/kadarius-seegars-0FHNXqyqgg4-unsplash-scaled-e1701248240798-80x80.jpg 80w, https:\/\/pbs-marketing.de\/wp-content\/uploads\/2023\/11\/kadarius-seegars-0FHNXqyqgg4-unsplash-scaled-e1701248240798-768x764.jpg 768w, https:\/\/pbs-marketing.de\/wp-content\/uploads\/2023\/11\/kadarius-seegars-0FHNXqyqgg4-unsplash-scaled-e1701248240798-1536x1529.jpg 1536w, https:\/\/pbs-marketing.de\/wp-content\/uploads\/2023\/11\/kadarius-seegars-0FHNXqyqgg4-unsplash-scaled-e1701248240798.jpg 1676w\" sizes=\"(max-width: 960px) 100vw, 960px\" \/>\t\t\t\t\t\t\t\t\t\t\t\t\t\t\t<\/div>\n\t\t\t\t<\/div>\n\t\t\t\t<\/div>\n\t\t\t\t\t<\/div>\n\t\t\t\t<\/div>\n\t\t<div class=\"elementor-element elementor-element-4fc17c0 e-flex e-con-boxed wpr-particle-no wpr-jarallax-no wpr-parallax-no wpr-sticky-section-no wpr-equal-height-no e-con e-parent\" data-id=\"4fc17c0\" data-element_type=\"container\" data-e-type=\"container\">\n\t\t\t\t\t<div class=\"e-con-inner\">\n\t\t<div class=\"elementor-element elementor-element-ee3ef1f e-con-full e-flex wpr-particle-no wpr-jarallax-no wpr-parallax-no wpr-sticky-section-no wpr-equal-height-no e-con e-child\" data-id=\"ee3ef1f\" data-element_type=\"container\" data-e-type=\"container\">\n\t\t\t\t<div class=\"elementor-element elementor-element-2b7ebf1 elementor-widget elementor-widget-image\" data-id=\"2b7ebf1\" data-element_type=\"widget\" data-e-type=\"widget\" data-widget_type=\"image.default\">\n\t\t\t\t<div class=\"elementor-widget-container\">\n\t\t\t\t\t\t\t\t\t\t\t\t\t\t\t<img decoding=\"async\" width=\"960\" height=\"963\" src=\"https:\/\/pbs-marketing.de\/wp-content\/uploads\/2023\/11\/pat-taylor-12V36G17IbQ-unsplash-scaled-e1701248160475-1027x1030.jpg\" class=\"attachment-large size-large wp-image-1205\" alt=\"\" srcset=\"https:\/\/pbs-marketing.de\/wp-content\/uploads\/2023\/11\/pat-taylor-12V36G17IbQ-unsplash-scaled-e1701248160475-1027x1030.jpg 1027w, https:\/\/pbs-marketing.de\/wp-content\/uploads\/2023\/11\/pat-taylor-12V36G17IbQ-unsplash-scaled-e1701248160475-300x300.jpg 300w, https:\/\/pbs-marketing.de\/wp-content\/uploads\/2023\/11\/pat-taylor-12V36G17IbQ-unsplash-scaled-e1701248160475-80x80.jpg 80w, https:\/\/pbs-marketing.de\/wp-content\/uploads\/2023\/11\/pat-taylor-12V36G17IbQ-unsplash-scaled-e1701248160475-768x770.jpg 768w, https:\/\/pbs-marketing.de\/wp-content\/uploads\/2023\/11\/pat-taylor-12V36G17IbQ-unsplash-scaled-e1701248160475-1532x1536.jpg 1532w, https:\/\/pbs-marketing.de\/wp-content\/uploads\/2023\/11\/pat-taylor-12V36G17IbQ-unsplash-scaled-e1701248160475.jpg 1710w\" sizes=\"(max-width: 960px) 100vw, 960px\" \/>\t\t\t\t\t\t\t\t\t\t\t\t\t\t\t<\/div>\n\t\t\t\t<\/div>\n\t\t\t\t<\/div>\n\t\t<div class=\"elementor-element elementor-element-c3920be e-con-full e-flex wpr-particle-no wpr-jarallax-no wpr-parallax-no wpr-sticky-section-no wpr-equal-height-no e-con e-child\" data-id=\"c3920be\" data-element_type=\"container\" data-e-type=\"container\">\n\t\t\t\t<div class=\"elementor-element elementor-element-7497b58 elementor-widget elementor-widget-heading\" data-id=\"7497b58\" data-element_type=\"widget\" data-e-type=\"widget\" data-widget_type=\"heading.default\">\n\t\t\t\t<div class=\"elementor-widget-container\">\n\t\t\t\t\t<h2 class=\"elementor-heading-title elementor-size-default\">High-resolution images that encourage people to buy\n<\/h2>\t\t\t\t<\/div>\n\t\t\t\t<\/div>\n\t\t\t\t<div class=\"elementor-element elementor-element-a5d205f elementor-widget elementor-widget-text-editor\" data-id=\"a5d205f\" data-element_type=\"widget\" data-e-type=\"widget\" data-widget_type=\"text-editor.default\">\n\t\t\t\t<div class=\"elementor-widget-container\">\n\t\t\t\t\t\t\t\t\t<p>Our product photography stands out for its meticulous attention to detail and creative flair. We offer standardized and customized photo shoots to ensure the best representation of your products. Using state-of-the-art lighting, specialized lenses and creative set designs, we stage your products in the best possible light. Whether for your website, promotional materials or social media, our high-resolution images capture the essence of your products and drive customer interest.<\/p><p>In e-commerce, visual presentation is crucial for sales success. That's why, in addition to traditional product photography, we also offer 360-degree shots and interactive product views that provide a comprehensive and realistic shopping experience. Our post-production techniques ensure that every image presents your products in the best possible light, increasing conversion rates and reducing customer returns.<\/p>\t\t\t\t\t\t\t\t<\/div>\n\t\t\t\t<\/div>\n\t\t\t\t<\/div>\n\t\t\t\t\t<\/div>\n\t\t\t\t<\/div>\n\t\t\t\t<\/div>","protected":false},"excerpt":{"rendered":"<p>Produktfotografie Hochwertige Produktfotos f\u00fcr Ihren Verkaufserfolg. Perfekte Inszenierung &amp; kreative Ideen zeichnen unsere Fotos aus. Ihre Produkte im besten Licht Wir bieten eine umfassende Palette an Produktfotografiediensten, die darauf ausgelegt sind, die Einzigartigkeit und Qualit\u00e4t Ihrer Produkte zu betonen. Unsere professionellen Fotografen nutzen fortschrittliche Techniken und kreatives Know-how, um Ihre Produkte so zu inszenieren, dass sie die Aufmerksamkeit Ihrer Zielgruppe auf sich ziehen. Ob f\u00fcr Online-Shops, Kataloge oder Werbematerialien \u2013 unsere hochaufl\u00f6senden, detailreichen Fotos heben Ihre Produkte von der Konkurrenz ab und steigern das Kundeninteresse. Hochaufl\u00f6sende Bilder, die zum Kauf anregen Unsere Produktfotografie hebt sich durch akribische Detailtreue und kreatives Flair ab. Wir bieten standardisierte und individuelle Fotoshootings, um die beste Darstellung Ihrer Produkte zu gew\u00e4hrleisten. Mit modernster Beleuchtung, spezialisierten Linsen und kreativen Set-Designs inszenieren wir Ihre Produkte in einem optimalen Licht. Ob f\u00fcr Ihre Website, Werbematerialien oder soziale Medien \u2013 unsere hochaufl\u00f6senden Bilder fangen die Essenz Ihrer Produkte ein und f\u00f6rdern das Kundeninteresse. Im E-Commerce ist die visuelle Darstellung entscheidend f\u00fcr den Verkaufserfolg. Deshalb bieten wir neben herk\u00f6mmlichen Produktfotografien auch 360-Grad-Aufnahmen und interaktive Produktansichten, die ein umfassendes und realistisches Einkaufserlebnis erm\u00f6glichen. Unsere Postproduktionstechniken gew\u00e4hrleisten, dass jedes Bild Ihre Produkte in bestm\u00f6glichem Licht pr\u00e4sentiert, wodurch die Konversionsraten gesteigert und Kundenr\u00fccksendungen reduziert\u00a0werden.<\/p>","protected":false},"author":3,"featured_media":0,"parent":0,"menu_order":0,"comment_status":"closed","ping_status":"closed","template":"","meta":{"_monsterinsights_skip_tracking":false,"_monsterinsights_sitenote_active":false,"_monsterinsights_sitenote_note":"","_monsterinsights_sitenote_category":0,"footnotes":""},"class_list":["post-1149","page","type-page","status-publish","hentry"],"_links":{"self":[{"href":"https:\/\/pbs-marketing.de\/en\/wp-json\/wp\/v2\/pages\/1149","targetHints":{"allow":["GET"]}}],"collection":[{"href":"https:\/\/pbs-marketing.de\/en\/wp-json\/wp\/v2\/pages"}],"about":[{"href":"https:\/\/pbs-marketing.de\/en\/wp-json\/wp\/v2\/types\/page"}],"author":[{"embeddable":true,"href":"https:\/\/pbs-marketing.de\/en\/wp-json\/wp\/v2\/users\/3"}],"replies":[{"embeddable":true,"href":"https:\/\/pbs-marketing.de\/en\/wp-json\/wp\/v2\/comments?post=1149"}],"version-history":[{"count":10,"href":"https:\/\/pbs-marketing.de\/en\/wp-json\/wp\/v2\/pages\/1149\/revisions"}],"predecessor-version":[{"id":1210,"href":"https:\/\/pbs-marketing.de\/en\/wp-json\/wp\/v2\/pages\/1149\/revisions\/1210"}],"wp:attachment":[{"href":"https:\/\/pbs-marketing.de\/en\/wp-json\/wp\/v2\/media?parent=1149"}],"curies":[{"name":"wp","href":"https:\/\/api.w.org\/{rel}","templated":true}]}}