{"id":1162,"date":"2023-11-24T14:40:54","date_gmt":"2023-11-24T13:40:54","guid":{"rendered":"https:\/\/pbs-marketing.de\/?page_id=1162"},"modified":"2023-11-29T10:17:28","modified_gmt":"2023-11-29T09:17:28","slug":"video-trailer","status":"publish","type":"page","link":"https:\/\/pbs-marketing.de\/en\/video-trailer\/","title":{"rendered":"Video trailer"},"content":{"rendered":"<div data-elementor-type=\"wp-page\" data-elementor-id=\"1162\" class=\"elementor elementor-1162\" data-elementor-post-type=\"page\">\n\t\t\t\t<div class=\"elementor-element elementor-element-a9a907f e-flex e-con-boxed wpr-particle-no wpr-jarallax-no wpr-parallax-no wpr-sticky-section-no wpr-equal-height-no e-con e-parent\" data-id=\"a9a907f\" data-element_type=\"container\" data-e-type=\"container\">\n\t\t\t\t\t<div class=\"e-con-inner\">\n\t\t\t\t<div class=\"elementor-element elementor-element-e1698be elementor-widget elementor-widget-heading\" data-id=\"e1698be\" data-element_type=\"widget\" data-e-type=\"widget\" data-widget_type=\"heading.default\">\n\t\t\t\t<div class=\"elementor-widget-container\">\n\t\t\t\t\t<h1 class=\"elementor-heading-title elementor-size-default\">Video trailer<\/h1>\t\t\t\t<\/div>\n\t\t\t\t<\/div>\n\t\t\t\t<div class=\"elementor-element elementor-element-ab6d81f elementor-widget elementor-widget-text-editor\" data-id=\"ab6d81f\" data-element_type=\"widget\" data-e-type=\"widget\" data-widget_type=\"text-editor.default\">\n\t\t\t\t<div class=\"elementor-widget-container\">\n\t\t\t\t\t\t\t\t\t<p>We produce a wide variety of video formats for you. Product trailers, trade fair films, social media videos ...<\/p>\t\t\t\t\t\t\t\t<\/div>\n\t\t\t\t<\/div>\n\t\t\t\t\t<\/div>\n\t\t\t\t<\/div>\n\t\t<div class=\"elementor-element elementor-element-c50eac7 e-flex e-con-boxed wpr-particle-no wpr-jarallax-no wpr-parallax-no wpr-sticky-section-no wpr-equal-height-no e-con e-parent\" data-id=\"c50eac7\" data-element_type=\"container\" data-e-type=\"container\">\n\t\t\t\t\t<div class=\"e-con-inner\">\n\t\t<div class=\"elementor-element elementor-element-16b6025 e-con-full e-flex wpr-particle-no wpr-jarallax-no wpr-parallax-no wpr-sticky-section-no wpr-equal-height-no e-con e-child\" data-id=\"16b6025\" data-element_type=\"container\" data-e-type=\"container\">\n\t\t\t\t<div class=\"elementor-element elementor-element-525600d elementor-widget elementor-widget-heading\" data-id=\"525600d\" data-element_type=\"widget\" data-e-type=\"widget\" data-widget_type=\"heading.default\">\n\t\t\t\t<div class=\"elementor-widget-container\">\n\t\t\t\t\t<h2 class=\"elementor-heading-title elementor-size-default\">Tell a captivating story<\/h2>\t\t\t\t<\/div>\n\t\t\t\t<\/div>\n\t\t\t\t<div class=\"elementor-element elementor-element-7a79510 elementor-widget elementor-widget-text-editor\" data-id=\"7a79510\" data-element_type=\"widget\" data-e-type=\"widget\" data-widget_type=\"text-editor.default\">\n\t\t\t\t<div class=\"elementor-widget-container\">\n\t\t\t\t\t\t\t\t\t<p><br \/>Video trailers are an essential tool in digital marketing to convey complex messages in an engaging and memorable way. Our video production experts create customized trailers that showcase your brand, products or services in a dynamic format. Ideal for social media, your website or digital advertising campaigns, these trailers are designed to captivate and emotionally engage your audience.<\/p>\t\t\t\t\t\t\t\t<\/div>\n\t\t\t\t<\/div>\n\t\t\t\t<\/div>\n\t\t<div class=\"elementor-element elementor-element-fb69df8 e-con-full e-flex wpr-particle-no wpr-jarallax-no wpr-parallax-no wpr-sticky-section-no wpr-equal-height-no e-con e-child\" data-id=\"fb69df8\" data-element_type=\"container\" data-e-type=\"container\">\n\t\t\t\t<div class=\"elementor-element elementor-element-0b3a990 elementor-widget elementor-widget-image\" data-id=\"0b3a990\" data-element_type=\"widget\" data-e-type=\"widget\" data-widget_type=\"image.default\">\n\t\t\t\t<div class=\"elementor-widget-container\">\n\t\t\t\t\t\t\t\t\t\t\t\t\t\t\t<img fetchpriority=\"high\" decoding=\"async\" width=\"960\" height=\"514\" src=\"https:\/\/pbs-marketing.de\/wp-content\/uploads\/2023\/11\/videobeabeitung1-1030x552.png\" class=\"attachment-large size-large wp-image-1164\" alt=\"\" srcset=\"https:\/\/pbs-marketing.de\/wp-content\/uploads\/2023\/11\/videobeabeitung1-1030x552.png 1030w, https:\/\/pbs-marketing.de\/wp-content\/uploads\/2023\/11\/videobeabeitung1-300x161.png 300w, https:\/\/pbs-marketing.de\/wp-content\/uploads\/2023\/11\/videobeabeitung1-768x411.png 768w, https:\/\/pbs-marketing.de\/wp-content\/uploads\/2023\/11\/videobeabeitung1-1536x822.png 1536w, https:\/\/pbs-marketing.de\/wp-content\/uploads\/2023\/11\/videobeabeitung1.png 1918w\" sizes=\"(max-width: 960px) 100vw, 960px\" \/>\t\t\t\t\t\t\t\t\t\t\t\t\t\t\t<\/div>\n\t\t\t\t<\/div>\n\t\t\t\t<\/div>\n\t\t\t\t\t<\/div>\n\t\t\t\t<\/div>\n\t\t<div class=\"elementor-element elementor-element-3fb919f e-flex e-con-boxed wpr-particle-no wpr-jarallax-no wpr-parallax-no wpr-sticky-section-no wpr-equal-height-no e-con e-parent\" data-id=\"3fb919f\" data-element_type=\"container\" data-e-type=\"container\">\n\t\t\t\t\t<div class=\"e-con-inner\">\n\t\t<div class=\"elementor-element elementor-element-cc83855 e-con-full e-flex wpr-particle-no wpr-jarallax-no wpr-parallax-no wpr-sticky-section-no wpr-equal-height-no e-con e-child\" data-id=\"cc83855\" data-element_type=\"container\" data-e-type=\"container\">\n\t\t\t\t<div class=\"elementor-element elementor-element-5e00e3b elementor-widget elementor-widget-image\" data-id=\"5e00e3b\" data-element_type=\"widget\" data-e-type=\"widget\" data-widget_type=\"image.default\">\n\t\t\t\t<div class=\"elementor-widget-container\">\n\t\t\t\t\t\t\t\t\t\t\t\t\t\t\t<img decoding=\"async\" width=\"960\" height=\"514\" src=\"https:\/\/pbs-marketing.de\/wp-content\/uploads\/2023\/11\/videobeabeitung2-1030x552.png\" class=\"attachment-large size-large wp-image-1168\" alt=\"\" srcset=\"https:\/\/pbs-marketing.de\/wp-content\/uploads\/2023\/11\/videobeabeitung2-1030x552.png 1030w, https:\/\/pbs-marketing.de\/wp-content\/uploads\/2023\/11\/videobeabeitung2-300x161.png 300w, https:\/\/pbs-marketing.de\/wp-content\/uploads\/2023\/11\/videobeabeitung2-768x411.png 768w, https:\/\/pbs-marketing.de\/wp-content\/uploads\/2023\/11\/videobeabeitung2-1536x823.png 1536w, https:\/\/pbs-marketing.de\/wp-content\/uploads\/2023\/11\/videobeabeitung2.png 1919w\" sizes=\"(max-width: 960px) 100vw, 960px\" \/>\t\t\t\t\t\t\t\t\t\t\t\t\t\t\t<\/div>\n\t\t\t\t<\/div>\n\t\t\t\t<\/div>\n\t\t<div class=\"elementor-element elementor-element-c37d6a8 e-con-full e-flex wpr-particle-no wpr-jarallax-no wpr-parallax-no wpr-sticky-section-no wpr-equal-height-no e-con e-child\" data-id=\"c37d6a8\" data-element_type=\"container\" data-e-type=\"container\">\n\t\t\t\t<div class=\"elementor-element elementor-element-7d85d46 elementor-widget elementor-widget-heading\" data-id=\"7d85d46\" data-element_type=\"widget\" data-e-type=\"widget\" data-widget_type=\"heading.default\">\n\t\t\t\t<div class=\"elementor-widget-container\">\n\t\t\t\t\t<h2 class=\"elementor-heading-title elementor-size-default\">Visual stories that showcase the brand and product<\/h2>\t\t\t\t<\/div>\n\t\t\t\t<\/div>\n\t\t\t\t<div class=\"elementor-element elementor-element-79a8709 elementor-widget elementor-widget-text-editor\" data-id=\"79a8709\" data-element_type=\"widget\" data-e-type=\"widget\" data-widget_type=\"text-editor.default\">\n\t\t\t\t<div class=\"elementor-widget-container\">\n\t\t\t\t\t\t\t\t\t<p><br \/>Our bespoke video trailers are designed to showcase your brand and products in a compelling way. From concept development to final production, we offer a holistic service. Our experts use cutting-edge technology and creative storytelling techniques to create trailers that engage and excite your target audience. Ideal for marketing campaigns, corporate presentations or social media, our trailers are designed to grab attention and create strong brand engagement.<\/p>\t\t\t\t\t\t\t\t<\/div>\n\t\t\t\t<\/div>\n\t\t\t\t<\/div>\n\t\t\t\t\t<\/div>\n\t\t\t\t<\/div>\n\t\t\t\t<\/div>","protected":false},"excerpt":{"rendered":"<p>Video Trailer Wir produzieren die unterschiedlichsten Videoformate f\u00fcr Sie. Produkttrailer, Messefilm, Social Media Video \u2026 Erz\u00e4hlen Sie eine fesselnde Geschichte Video Trailer sind ein essentielles Werkzeug im digitalen Marketing, um komplexe Botschaften auf eine ansprechende und einpr\u00e4gsame Weise zu vermitteln. Unsere Experten f\u00fcr Videoproduktion erstellen ma\u00dfgeschneiderte Trailer, die Ihre Marke, Produkte oder Dienstleistungen in einem dynamischen Format pr\u00e4sentieren. Diese Trailer sind ideal f\u00fcr soziale Medien, Ihre Website oder digitale Werbekampagnen und dienen dazu, Ihr Publikum zu fesseln und emotional\u00a0zu\u00a0binden. Visuelle Geschichten, die Marke und Produkt inszenieren Unsere ma\u00dfgeschneiderten Video Trailer sind darauf ausgelegt, Ihre Marke und Produkte auf eine fesselnde Weise darzustellen. Von der Konzeptentwicklung bis zur Endproduktion bieten wir einen ganzheitlichen Service. Unsere Experten nutzen modernste Technologien und kreative Erz\u00e4hltechniken, um Trailer zu kreieren, die Ihre Zielgruppe ansprechen und begeistern. Ideal f\u00fcr Marketingkampagnen, Unternehmenspr\u00e4sentationen oder soziale Medien, unsere Trailer sind darauf ausgerichtet, Aufmerksamkeit zu erregen und eine starke Markenbindung zu schaffen.<\/p>","protected":false},"author":3,"featured_media":0,"parent":0,"menu_order":0,"comment_status":"closed","ping_status":"closed","template":"","meta":{"_monsterinsights_skip_tracking":false,"_monsterinsights_sitenote_active":false,"_monsterinsights_sitenote_note":"","_monsterinsights_sitenote_category":0,"footnotes":""},"class_list":["post-1162","page","type-page","status-publish","hentry"],"_links":{"self":[{"href":"https:\/\/pbs-marketing.de\/en\/wp-json\/wp\/v2\/pages\/1162","targetHints":{"allow":["GET"]}}],"collection":[{"href":"https:\/\/pbs-marketing.de\/en\/wp-json\/wp\/v2\/pages"}],"about":[{"href":"https:\/\/pbs-marketing.de\/en\/wp-json\/wp\/v2\/types\/page"}],"author":[{"embeddable":true,"href":"https:\/\/pbs-marketing.de\/en\/wp-json\/wp\/v2\/users\/3"}],"replies":[{"embeddable":true,"href":"https:\/\/pbs-marketing.de\/en\/wp-json\/wp\/v2\/comments?post=1162"}],"version-history":[{"count":16,"href":"https:\/\/pbs-marketing.de\/en\/wp-json\/wp\/v2\/pages\/1162\/revisions"}],"predecessor-version":[{"id":1221,"href":"https:\/\/pbs-marketing.de\/en\/wp-json\/wp\/v2\/pages\/1162\/revisions\/1221"}],"wp:attachment":[{"href":"https:\/\/pbs-marketing.de\/en\/wp-json\/wp\/v2\/media?parent=1162"}],"curies":[{"name":"wp","href":"https:\/\/api.w.org\/{rel}","templated":true}]}}