{"id":1185,"date":"2023-11-24T15:39:39","date_gmt":"2023-11-24T14:39:39","guid":{"rendered":"https:\/\/pbs-marketing.de\/?page_id=1185"},"modified":"2023-11-29T11:20:48","modified_gmt":"2023-11-29T10:20:48","slug":"werbeartikel","status":"publish","type":"page","link":"https:\/\/pbs-marketing.de\/en\/werbeartikel\/","title":{"rendered":"Promotional items"},"content":{"rendered":"<div data-elementor-type=\"wp-page\" data-elementor-id=\"1185\" class=\"elementor elementor-1185\" data-elementor-post-type=\"page\">\n\t\t\t\t<div class=\"elementor-element elementor-element-6079ccd e-flex e-con-boxed wpr-particle-no wpr-jarallax-no wpr-parallax-no wpr-sticky-section-no wpr-equal-height-no e-con e-parent\" data-id=\"6079ccd\" data-element_type=\"container\" data-e-type=\"container\">\n\t\t\t\t\t<div class=\"e-con-inner\">\n\t\t\t\t<div class=\"elementor-element elementor-element-d4f7782 elementor-widget elementor-widget-heading\" data-id=\"d4f7782\" data-element_type=\"widget\" data-e-type=\"widget\" data-widget_type=\"heading.default\">\n\t\t\t\t<div class=\"elementor-widget-container\">\n\t\t\t\t\t<h1 class=\"elementor-heading-title elementor-size-default\">Promotional items<\/h1>\t\t\t\t<\/div>\n\t\t\t\t<\/div>\n\t\t\t\t<div class=\"elementor-element elementor-element-14d589d elementor-widget elementor-widget-text-editor\" data-id=\"14d589d\" data-element_type=\"widget\" data-e-type=\"widget\" data-widget_type=\"text-editor.default\">\n\t\t\t\t<div class=\"elementor-widget-container\">\n\t\t\t\t\t\t\t\t\t<p>Creative promotional items stay in people's minds and make your brand tangible. We will find the right promotional item for your business with your target group in mind.<\/p>\t\t\t\t\t\t\t\t<\/div>\n\t\t\t\t<\/div>\n\t\t\t\t\t<\/div>\n\t\t\t\t<\/div>\n\t\t<div class=\"elementor-element elementor-element-9489333 e-flex e-con-boxed wpr-particle-no wpr-jarallax-no wpr-parallax-no wpr-sticky-section-no wpr-equal-height-no e-con e-parent\" data-id=\"9489333\" data-element_type=\"container\" data-e-type=\"container\">\n\t\t\t\t\t<div class=\"e-con-inner\">\n\t\t<div class=\"elementor-element elementor-element-521dac0 e-con-full e-flex wpr-particle-no wpr-jarallax-no wpr-parallax-no wpr-sticky-section-no wpr-equal-height-no e-con e-child\" data-id=\"521dac0\" data-element_type=\"container\" data-e-type=\"container\">\n\t\t\t\t<div class=\"elementor-element elementor-element-4e48a62 elementor-widget elementor-widget-heading\" data-id=\"4e48a62\" data-element_type=\"widget\" data-e-type=\"widget\" data-widget_type=\"heading.default\">\n\t\t\t\t<div class=\"elementor-widget-container\">\n\t\t\t\t\t<h2 class=\"elementor-heading-title elementor-size-default\">Unforgettable promotional gifts that strengthen your brand\n<\/h2>\t\t\t\t<\/div>\n\t\t\t\t<\/div>\n\t\t\t\t<div class=\"elementor-element elementor-element-b02f4d7 elementor-widget elementor-widget-text-editor\" data-id=\"b02f4d7\" data-element_type=\"widget\" data-e-type=\"widget\" data-widget_type=\"text-editor.default\">\n\t\t\t\t<div class=\"elementor-widget-container\">\n\t\t\t\t\t\t\t\t\t<p>Promotional products are an effective way to create brand awareness and build customer loyalty. We offer an extensive range of customizable promotional products, from everyday items to unique, bespoke products. Our promotional products are not only practical, but also stylish and represent your brand in a way that will be remembered by your customers.<\/p>\t\t\t\t\t\t\t\t<\/div>\n\t\t\t\t<\/div>\n\t\t\t\t<\/div>\n\t\t<div class=\"elementor-element elementor-element-4c66901 e-con-full e-flex wpr-particle-no wpr-jarallax-no wpr-parallax-no wpr-sticky-section-no wpr-equal-height-no e-con e-child\" data-id=\"4c66901\" data-element_type=\"container\" data-e-type=\"container\">\n\t\t\t\t<div class=\"elementor-element elementor-element-7bd046f elementor-widget elementor-widget-image\" data-id=\"7bd046f\" data-element_type=\"widget\" data-e-type=\"widget\" data-widget_type=\"image.default\">\n\t\t\t\t<div class=\"elementor-widget-container\">\n\t\t\t\t\t\t\t\t\t\t\t\t\t\t\t<img fetchpriority=\"high\" decoding=\"async\" width=\"960\" height=\"640\" src=\"https:\/\/pbs-marketing.de\/wp-content\/uploads\/2023\/11\/promotional-products-694791_1920-1030x687.jpg\" class=\"attachment-large size-large wp-image-1223\" alt=\"\" srcset=\"https:\/\/pbs-marketing.de\/wp-content\/uploads\/2023\/11\/promotional-products-694791_1920-1030x687.jpg 1030w, https:\/\/pbs-marketing.de\/wp-content\/uploads\/2023\/11\/promotional-products-694791_1920-300x200.jpg 300w, https:\/\/pbs-marketing.de\/wp-content\/uploads\/2023\/11\/promotional-products-694791_1920-768x512.jpg 768w, https:\/\/pbs-marketing.de\/wp-content\/uploads\/2023\/11\/promotional-products-694791_1920-1536x1024.jpg 1536w, https:\/\/pbs-marketing.de\/wp-content\/uploads\/2023\/11\/promotional-products-694791_1920.jpg 1920w\" sizes=\"(max-width: 960px) 100vw, 960px\" \/>\t\t\t\t\t\t\t\t\t\t\t\t\t\t\t<\/div>\n\t\t\t\t<\/div>\n\t\t\t\t<\/div>\n\t\t\t\t\t<\/div>\n\t\t\t\t<\/div>\n\t\t<div class=\"elementor-element elementor-element-1fcb276 e-flex e-con-boxed wpr-particle-no wpr-jarallax-no wpr-parallax-no wpr-sticky-section-no wpr-equal-height-no e-con e-parent\" data-id=\"1fcb276\" data-element_type=\"container\" data-e-type=\"container\">\n\t\t\t\t\t<div class=\"e-con-inner\">\n\t\t<div class=\"elementor-element elementor-element-0f5509d e-con-full e-flex wpr-particle-no wpr-jarallax-no wpr-parallax-no wpr-sticky-section-no wpr-equal-height-no e-con e-child\" data-id=\"0f5509d\" data-element_type=\"container\" data-e-type=\"container\">\n\t\t\t\t<div class=\"elementor-element elementor-element-4d90e98 elementor-widget elementor-widget-image\" data-id=\"4d90e98\" data-element_type=\"widget\" data-e-type=\"widget\" data-widget_type=\"image.default\">\n\t\t\t\t<div class=\"elementor-widget-container\">\n\t\t\t\t\t\t\t\t\t\t\t\t\t\t\t<img decoding=\"async\" width=\"960\" height=\"839\" src=\"https:\/\/pbs-marketing.de\/wp-content\/uploads\/2023\/11\/promotional-products-694786_1920-e1701253241155-1030x900.jpg\" class=\"attachment-large size-large wp-image-1227\" alt=\"\" srcset=\"https:\/\/pbs-marketing.de\/wp-content\/uploads\/2023\/11\/promotional-products-694786_1920-e1701253241155-1030x900.jpg 1030w, https:\/\/pbs-marketing.de\/wp-content\/uploads\/2023\/11\/promotional-products-694786_1920-e1701253241155-300x262.jpg 300w, https:\/\/pbs-marketing.de\/wp-content\/uploads\/2023\/11\/promotional-products-694786_1920-e1701253241155-768x671.jpg 768w, https:\/\/pbs-marketing.de\/wp-content\/uploads\/2023\/11\/promotional-products-694786_1920-e1701253241155.jpg 1494w\" sizes=\"(max-width: 960px) 100vw, 960px\" \/>\t\t\t\t\t\t\t\t\t\t\t\t\t\t\t<\/div>\n\t\t\t\t<\/div>\n\t\t\t\t<\/div>\n\t\t<div class=\"elementor-element elementor-element-19c745f e-con-full e-flex wpr-particle-no wpr-jarallax-no wpr-parallax-no wpr-sticky-section-no wpr-equal-height-no e-con e-child\" data-id=\"19c745f\" data-element_type=\"container\" data-e-type=\"container\">\n\t\t\t\t<div class=\"elementor-element elementor-element-0750978 elementor-widget elementor-widget-heading\" data-id=\"0750978\" data-element_type=\"widget\" data-e-type=\"widget\" data-widget_type=\"heading.default\">\n\t\t\t\t<div class=\"elementor-widget-container\">\n\t\t\t\t\t<h2 class=\"elementor-heading-title elementor-size-default\">Customized advertising materials that anchor your brand in people's minds<\/h2>\t\t\t\t<\/div>\n\t\t\t\t<\/div>\n\t\t\t\t<div class=\"elementor-element elementor-element-94ac24a elementor-widget elementor-widget-text-editor\" data-id=\"94ac24a\" data-element_type=\"widget\" data-e-type=\"widget\" data-widget_type=\"text-editor.default\">\n\t\t\t\t<div class=\"elementor-widget-container\">\n\t\t\t\t\t\t\t\t\t<p>Customized advertising materials that anchor your brand in people's minds<br \/>We offer a wide range of creative promotional products that effectively integrate your brand into your customers' everyday lives. From classic items such as printed pens and mugs to modern gadgets such as USB sticks and wireless chargers, each item is carefully selected and designed to ensure maximum visibility for your brand. We ensure that each promotional item is not only practical, but also aesthetically pleasing and durable to promote long-term brand loyalty.<\/p><p>Our personalized promotional products are ideal for trade shows, corporate events or as part of your overall marketing strategy. We also offer sustainable options such as eco fabric bags and reusable water bottles that demonstrate your commitment to environmental awareness and sustainability. Not only are these items an effective marketing tool, but they also promote a positive perception of your brand by being useful and environmentally friendly.<\/p>\t\t\t\t\t\t\t\t<\/div>\n\t\t\t\t<\/div>\n\t\t\t\t<\/div>\n\t\t\t\t\t<\/div>\n\t\t\t\t<\/div>\n\t\t\t\t<\/div>","protected":false},"excerpt":{"rendered":"<p>Werbeartikel Kreative Werbeartikel bleiben im Kopf und machen Ihre Marke f\u00fchlbar. Wir finden zielgruppenorientiert den passenden Werbeartikel f\u00fcr Ihr Gewerbe. Unvergessliche Werbegeschenke, die Ihre Marke st\u00e4rken Werbeartikel sind eine effektive Methode, um Markenbewusstsein zu schaffen und die Kundenbindung zu st\u00e4rken. Wir bieten ein umfangreiches Sortiment an personalisierbaren Werbeartikeln, von allt\u00e4glichen Gegenst\u00e4nden bis hin zu einzigartigen, ma\u00dfgeschneiderten Produkten. Unsere Werbeartikel sind nicht nur praktisch, sondern auch stilvoll und repr\u00e4sentieren Ihre Marke auf eine Weise, die bei Ihren Kunden in Erinnerung\u00a0bleibt. Individuelle Werbemittel, die Ihre Marke im Ged\u00e4chtnis verankern Individuelle Werbemittel, die Ihre Marke im Ged\u00e4chtnis verankernWir bieten ein breites Spektrum an kreativen Werbeartikeln an, die Ihre Marke effektiv in den Alltag Ihrer Kunden integrieren. Von klassischen Artikeln wie bedruckten Stiften und Tassen bis hin zu modernen Gadgets wie USB-Sticks und kabellosen Ladeger\u00e4ten, jeder Artikel wird sorgf\u00e4ltig ausgew\u00e4hlt und gestaltet, um maximale Sichtbarkeit Ihrer Marke zu gew\u00e4hrleisten. Wir stellen sicher, dass jeder Werbeartikel nicht nur praktisch, sondern auch \u00e4sthetisch ansprechend und langlebig ist, um eine langfristige Markenbindung zu f\u00f6rdern. Unsere personalisierten Werbeartikel sind ideale Begleiter f\u00fcr Messen, Unternehmensveranstaltungen oder als Teil Ihrer allgemeinen Marketingstrategie. Wir bieten auch nachhaltige Optionen wie \u00f6kologische Stofftaschen und wiederverwendbare Wasserflaschen, die Ihre Verpflichtung zu Umweltbewusstsein und Nachhaltigkeit demonstrieren. Diese Artikel sind nicht nur ein effektives Marketinginstrument, sondern f\u00f6rdern auch eine positive Wahrnehmung Ihrer Marke, indem sie n\u00fctzlich und umweltfreundlich sind.<\/p>","protected":false},"author":3,"featured_media":0,"parent":0,"menu_order":0,"comment_status":"closed","ping_status":"closed","template":"","meta":{"_monsterinsights_skip_tracking":false,"_monsterinsights_sitenote_active":false,"_monsterinsights_sitenote_note":"","_monsterinsights_sitenote_category":0,"footnotes":""},"class_list":["post-1185","page","type-page","status-publish","hentry"],"_links":{"self":[{"href":"https:\/\/pbs-marketing.de\/en\/wp-json\/wp\/v2\/pages\/1185","targetHints":{"allow":["GET"]}}],"collection":[{"href":"https:\/\/pbs-marketing.de\/en\/wp-json\/wp\/v2\/pages"}],"about":[{"href":"https:\/\/pbs-marketing.de\/en\/wp-json\/wp\/v2\/types\/page"}],"author":[{"embeddable":true,"href":"https:\/\/pbs-marketing.de\/en\/wp-json\/wp\/v2\/users\/3"}],"replies":[{"embeddable":true,"href":"https:\/\/pbs-marketing.de\/en\/wp-json\/wp\/v2\/comments?post=1185"}],"version-history":[{"count":10,"href":"https:\/\/pbs-marketing.de\/en\/wp-json\/wp\/v2\/pages\/1185\/revisions"}],"predecessor-version":[{"id":1230,"href":"https:\/\/pbs-marketing.de\/en\/wp-json\/wp\/v2\/pages\/1185\/revisions\/1230"}],"wp:attachment":[{"href":"https:\/\/pbs-marketing.de\/en\/wp-json\/wp\/v2\/media?parent=1185"}],"curies":[{"name":"wp","href":"https:\/\/api.w.org\/{rel}","templated":true}]}}