{"id":1133,"date":"2023-11-24T13:56:42","date_gmt":"2023-11-24T12:56:42","guid":{"rendered":"https:\/\/pbs-marketing.de\/?page_id=1133"},"modified":"2023-11-30T16:14:23","modified_gmt":"2023-11-30T15:14:23","slug":"homepages","status":"publish","type":"page","link":"https:\/\/pbs-marketing.de\/tr\/homepages\/","title":{"rendered":"Ana Sayfa"},"content":{"rendered":"<div data-elementor-type=\"wp-page\" data-elementor-id=\"1133\" class=\"elementor elementor-1133\" data-elementor-post-type=\"page\">\n\t\t\t\t<div class=\"elementor-element elementor-element-1c1c286 e-flex e-con-boxed wpr-particle-no wpr-jarallax-no wpr-parallax-no wpr-sticky-section-no wpr-equal-height-no e-con e-parent\" data-id=\"1c1c286\" data-element_type=\"container\" data-e-type=\"container\">\n\t\t\t\t\t<div class=\"e-con-inner\">\n\t\t\t\t<div class=\"elementor-element elementor-element-4ef823c elementor-widget elementor-widget-heading\" data-id=\"4ef823c\" data-element_type=\"widget\" data-e-type=\"widget\" data-widget_type=\"heading.default\">\n\t\t\t\t<div class=\"elementor-widget-container\">\n\t\t\t\t\t<h1 class=\"elementor-heading-title elementor-size-default\">Ana Sayfa<\/h1>\t\t\t\t<\/div>\n\t\t\t\t<\/div>\n\t\t\t\t\t<\/div>\n\t\t\t\t<\/div>\n\t\t<div class=\"elementor-element elementor-element-69d099d e-flex e-con-boxed wpr-particle-no wpr-jarallax-no wpr-parallax-no wpr-sticky-section-no wpr-equal-height-no e-con e-parent\" data-id=\"69d099d\" data-element_type=\"container\" data-e-type=\"container\">\n\t\t\t\t\t<div class=\"e-con-inner\">\n\t\t\t\t<div class=\"elementor-element elementor-element-2931501 elementor-widget elementor-widget-text-editor\" data-id=\"2931501\" data-element_type=\"widget\" data-e-type=\"widget\" data-widget_type=\"text-editor.default\">\n\t\t\t\t<div class=\"elementor-widget-container\">\n\t\t\t\t\t\t\t\t\t<p>Uygun bir genel konseptte WordPress tabanl\u0131 benzersiz web \u00e7\u00f6z\u00fcmleri geli\u015ftiriyoruz.<\/p>\t\t\t\t\t\t\t\t<\/div>\n\t\t\t\t<\/div>\n\t\t\t\t\t<\/div>\n\t\t\t\t<\/div>\n\t\t<div class=\"elementor-element elementor-element-f7dc914 e-flex e-con-boxed wpr-particle-no wpr-jarallax-no wpr-parallax-no wpr-sticky-section-no wpr-equal-height-no e-con e-parent\" data-id=\"f7dc914\" data-element_type=\"container\" data-e-type=\"container\">\n\t\t\t\t\t<div class=\"e-con-inner\">\n\t\t<div class=\"elementor-element elementor-element-e47b7ef e-con-full e-flex wpr-particle-no wpr-jarallax-no wpr-parallax-no wpr-sticky-section-no wpr-equal-height-no e-con e-child\" data-id=\"e47b7ef\" data-element_type=\"container\" data-e-type=\"container\">\n\t\t\t\t<div class=\"elementor-element elementor-element-bc0df0a elementor-widget elementor-widget-heading\" data-id=\"bc0df0a\" data-element_type=\"widget\" data-e-type=\"widget\" data-widget_type=\"heading.default\">\n\t\t\t\t<div class=\"elementor-widget-container\">\n\t\t\t\t\t<h2 class=\"elementor-heading-title elementor-size-default\">Web tasar\u0131m\u0131 ve geli\u015ftirme<\/h2>\t\t\t\t<\/div>\n\t\t\t\t<\/div>\n\t\t\t\t<div class=\"elementor-element elementor-element-076cd0d elementor-widget elementor-widget-text-editor\" data-id=\"076cd0d\" data-element_type=\"widget\" data-e-type=\"widget\" data-widget_type=\"text-editor.default\">\n\t\t\t\t<div class=\"elementor-widget-container\">\n\t\t\t\t\t\t\t\t\t<p>Web siteniz \u00e7evrimi\u00e7i varl\u0131\u011f\u0131n\u0131z\u0131n en \u00f6nemli par\u00e7as\u0131d\u0131r. Tasar\u0131mc\u0131lar\u0131m\u0131z ve geli\u015ftiricilerimiz, markan\u0131z\u0131 m\u00fckemmel \u015fekilde yans\u0131tan kullan\u0131c\u0131 dostu, g\u00f6rsel olarak \u00e7ekici ve teknik olarak geli\u015fmi\u015f web siteleri olu\u015fturur.<\/p>\t\t\t\t\t\t\t\t<\/div>\n\t\t\t\t<\/div>\n\t\t\t\t<\/div>\n\t\t<div class=\"elementor-element elementor-element-66b6fc8 e-con-full e-flex wpr-particle-no wpr-jarallax-no wpr-parallax-no wpr-sticky-section-no wpr-equal-height-no e-con e-child\" data-id=\"66b6fc8\" data-element_type=\"container\" data-e-type=\"container\">\n\t\t\t\t<div class=\"elementor-element elementor-element-28b964c elementor-widget elementor-widget-image\" data-id=\"28b964c\" data-element_type=\"widget\" data-e-type=\"widget\" data-widget_type=\"image.default\">\n\t\t\t\t<div class=\"elementor-widget-container\">\n\t\t\t\t\t\t\t\t\t\t\t\t\t\t\t<img fetchpriority=\"high\" decoding=\"async\" width=\"850\" height=\"850\" src=\"https:\/\/pbs-marketing.de\/wp-content\/uploads\/2022\/03\/HP_Bosporus24.jpg\" class=\"attachment-large size-large wp-image-549\" alt=\"\" srcset=\"https:\/\/pbs-marketing.de\/wp-content\/uploads\/2022\/03\/HP_Bosporus24.jpg 850w, https:\/\/pbs-marketing.de\/wp-content\/uploads\/2022\/03\/HP_Bosporus24-300x300.jpg 300w, https:\/\/pbs-marketing.de\/wp-content\/uploads\/2022\/03\/HP_Bosporus24-80x80.jpg 80w, https:\/\/pbs-marketing.de\/wp-content\/uploads\/2022\/03\/HP_Bosporus24-768x768.jpg 768w, https:\/\/pbs-marketing.de\/wp-content\/uploads\/2022\/03\/HP_Bosporus24-36x36.jpg 36w, https:\/\/pbs-marketing.de\/wp-content\/uploads\/2022\/03\/HP_Bosporus24-180x180.jpg 180w, https:\/\/pbs-marketing.de\/wp-content\/uploads\/2022\/03\/HP_Bosporus24-705x705.jpg 705w\" sizes=\"(max-width: 850px) 100vw, 850px\" \/>\t\t\t\t\t\t\t\t\t\t\t\t\t\t\t<\/div>\n\t\t\t\t<\/div>\n\t\t\t\t<\/div>\n\t\t\t\t\t<\/div>\n\t\t\t\t<\/div>\n\t\t<div class=\"elementor-element elementor-element-f298740 e-flex e-con-boxed wpr-particle-no wpr-jarallax-no wpr-parallax-no wpr-sticky-section-no wpr-equal-height-no e-con e-parent\" data-id=\"f298740\" data-element_type=\"container\" data-e-type=\"container\">\n\t\t\t\t\t<div class=\"e-con-inner\">\n\t\t\t\t<div class=\"elementor-element elementor-element-e7c0c31 wpr-feature-list-left wpr-feature-list-square wpr-feature-list-line-yes elementor-widget elementor-widget-wpr-feature-list\" data-id=\"e7c0c31\" data-element_type=\"widget\" data-e-type=\"widget\" data-widget_type=\"wpr-feature-list.default\">\n\t\t\t\t<div class=\"elementor-widget-container\">\n\t\t\t\t\t<div class=\"wpr-feature-list-wrap\"><ul class=\"wpr-feature-list\"><li class=\"wpr-feature-list-item elementor-repeater-item-69173f0\"><div class=\"wpr-feature-list-icon-wrap\"><span class=\"wpr-feature-list-line\"><\/span><div class=\"wpr-feature-list-icon-inner-wrap\"><svg aria-hidden=\"true\" class=\"e-font-icon-svg e-fas-user\" viewbox=\"0 0 448 512\" xmlns=\"http:\/\/www.w3.org\/2000\/svg\"><path d=\"M224 256c70.7 0 128-57.3 128-128S294.7 0 224 0 96 57.3 96 128s57.3 128 128 128zm89.6 32h-16.7c-22.2 10.2-46.9 16-72.9 16s-50.6-5.8-72.9-16h-16.7C60.2 288 0 348.2 0 422.4V464c0 26.5 21.5 48 48 48h352c26.5 0 48-21.5 48-48v-41.6c0-74.2-60.2-134.4-134.4-134.4z\"><\/path><\/svg><\/div><\/div><div class=\"wpr-feature-list-content-wrap\"><h2 class=\"wpr-feature-list-title\"><a class=\"wpr-feature-list-url\" target=\"_blank\" rel=\"nofollow\">Kullan\u0131c\u0131 dostu<\/a><\/h2><p class=\"wpr-feature-list-description\">Modern bir web sitesi sezgisel kullan\u0131c\u0131 rehberli\u011fi sunmal\u0131d\u0131r. Net men\u00fc yap\u0131lar\u0131, anla\u015f\u0131lmas\u0131 kolay navigasyon ve h\u0131zl\u0131 y\u00fckleme s\u00fcreleri olumlu bir kullan\u0131c\u0131 deneyimine katk\u0131da bulunur.<\/p><\/div><\/li><li class=\"wpr-feature-list-item elementor-repeater-item-1fa4da5\"><div class=\"wpr-feature-list-icon-wrap\"><span class=\"wpr-feature-list-line\"><\/span><div class=\"wpr-feature-list-icon-inner-wrap\"><svg aria-hidden=\"true\" class=\"e-font-icon-svg e-fas-lock\" viewbox=\"0 0 448 512\" xmlns=\"http:\/\/www.w3.org\/2000\/svg\"><path d=\"M400 224h-24v-72C376 68.2 307.8 0 224 0S72 68.2 72 152v72H48c-26.5 0-48 21.5-48 48v192c0 26.5 21.5 48 48 48h352c26.5 0 48-21.5 48-48V272c0-26.5-21.5-48-48-48zm-104 0H152v-72c0-39.7 32.3-72 72-72s72 32.3 72 72v72z\"><\/path><\/svg><\/div><\/div><div class=\"wpr-feature-list-content-wrap\"><h2 class=\"wpr-feature-list-title\"><a class=\"wpr-feature-list-url\" target=\"_blank\" rel=\"nofollow\">G\u00fcvenlik<\/a><\/h2><p class=\"wpr-feature-list-description\">SSL sertifikalar\u0131n\u0131n kullan\u0131m\u0131, web sunucusu ile web sitesi ziyaret\u00e7ileri aras\u0131nda \u015fifrelenmi\u015f veri iletimini garanti eder ve bu da g\u00fcvenli\u011fi art\u0131r\u0131r.<\/p><\/div><\/li><li class=\"wpr-feature-list-item elementor-repeater-item-349826a\"><div class=\"wpr-feature-list-icon-wrap\"><span class=\"wpr-feature-list-line\"><\/span><div class=\"wpr-feature-list-icon-inner-wrap\"><svg aria-hidden=\"true\" class=\"e-font-icon-svg e-fas-share-alt\" viewbox=\"0 0 448 512\" xmlns=\"http:\/\/www.w3.org\/2000\/svg\"><path d=\"M352 320c-22.608 0-43.387 7.819-59.79 20.895l-102.486-64.054a96.551 96.551 0 0 0 0-41.683l102.486-64.054C308.613 184.181 329.392 192 352 192c53.019 0 96-42.981 96-96S405.019 0 352 0s-96 42.981-96 96c0 7.158.79 14.13 2.276 20.841L155.79 180.895C139.387 167.819 118.608 160 96 160c-53.019 0-96 42.981-96 96s42.981 96 96 96c22.608 0 43.387-7.819 59.79-20.895l102.486 64.054A96.301 96.301 0 0 0 256 416c0 53.019 42.981 96 96 96s96-42.981 96-96-42.981-96-96-96z\"><\/path><\/svg><\/div><\/div><div class=\"wpr-feature-list-content-wrap\"><h2 class=\"wpr-feature-list-title\"><a class=\"wpr-feature-list-url\" target=\"_blank\" rel=\"nofollow\">Sosyal medya entegrasyonu<\/a><\/h2><p class=\"wpr-feature-list-description\">Sosyal medyaya ba\u011flant\u0131 vermek, ziyaret\u00e7ilerin i\u00e7eri\u011fi kolayca payla\u015fmas\u0131n\u0131 sa\u011flar ve \u00e7evrimi\u00e7i varl\u0131\u011f\u0131n artmas\u0131na yard\u0131mc\u0131 olur.<\/p><\/div><\/li><li class=\"wpr-feature-list-item elementor-repeater-item-41528a1\"><div class=\"wpr-feature-list-icon-wrap\"><span class=\"wpr-feature-list-line\"><\/span><div class=\"wpr-feature-list-icon-inner-wrap\"><svg aria-hidden=\"true\" class=\"e-font-icon-svg e-far-flag\" viewbox=\"0 0 512 512\" xmlns=\"http:\/\/www.w3.org\/2000\/svg\"><path d=\"M336.174 80c-49.132 0-93.305-32-161.913-32-31.301 0-58.303 6.482-80.721 15.168a48.04 48.04 0 0 0 2.142-20.727C93.067 19.575 74.167 1.594 51.201.104 23.242-1.71 0 20.431 0 48c0 17.764 9.657 33.262 24 41.562V496c0 8.837 7.163 16 16 16h16c8.837 0 16-7.163 16-16v-83.443C109.869 395.28 143.259 384 199.826 384c49.132 0 93.305 32 161.913 32 58.479 0 101.972-22.617 128.548-39.981C503.846 367.161 512 352.051 512 335.855V95.937c0-34.459-35.264-57.768-66.904-44.117C409.193 67.309 371.641 80 336.174 80zM464 336c-21.783 15.412-60.824 32-102.261 32-59.945 0-102.002-32-161.913-32-43.361 0-96.379 9.403-127.826 24V128c21.784-15.412 60.824-32 102.261-32 59.945 0 102.002 32 161.913 32 43.271 0 96.32-17.366 127.826-32v240z\"><\/path><\/svg><\/div><\/div><div class=\"wpr-feature-list-content-wrap\"><h2 class=\"wpr-feature-list-title\"><a class=\"wpr-feature-list-url\" target=\"_blank\" rel=\"nofollow\">Net harekete ge\u00e7irici mesaj \u00f6\u011feleri<\/a><\/h2><p class=\"wpr-feature-list-description\">\"Bize ula\u015f\u0131n\" veya \"\u015eimdi sat\u0131n al\u0131n\" gibi iyi yerle\u015ftirilmi\u015f eylem \u00e7a\u011fr\u0131lar\u0131, ziyaret\u00e7ilerin sayfayla etkile\u015fime girmesini kolayla\u015ft\u0131r\u0131r ve d\u00f6n\u00fc\u015f\u00fcm\u00fc destekler.<\/p><\/div><\/li><li class=\"wpr-feature-list-item elementor-repeater-item-e25cede\"><div class=\"wpr-feature-list-icon-wrap\"><span class=\"wpr-feature-list-line\"><\/span><div class=\"wpr-feature-list-icon-inner-wrap\"><svg aria-hidden=\"true\" class=\"e-font-icon-svg e-fas-tablet-alt\" viewbox=\"0 0 448 512\" xmlns=\"http:\/\/www.w3.org\/2000\/svg\"><path d=\"M400 0H48C21.5 0 0 21.5 0 48v416c0 26.5 21.5 48 48 48h352c26.5 0 48-21.5 48-48V48c0-26.5-21.5-48-48-48zM224 480c-17.7 0-32-14.3-32-32s14.3-32 32-32 32 14.3 32 32-14.3 32-32 32zm176-108c0 6.6-5.4 12-12 12H60c-6.6 0-12-5.4-12-12V60c0-6.6 5.4-12 12-12h328c6.6 0 12 5.4 12 12v312z\"><\/path><\/svg><\/div><\/div><div class=\"wpr-feature-list-content-wrap\"><h2 class=\"wpr-feature-list-title\"><a class=\"wpr-feature-list-url\" target=\"_blank\" rel=\"nofollow\">Duyarl\u0131l\u0131k<\/a><\/h2><p class=\"wpr-feature-list-description\">Duyarl\u0131l\u0131k i\u00e7in, mobil kullan\u0131c\u0131lar\u0131n artan oran\u0131n\u0131 dikkate almak amac\u0131yla tasar\u0131m \u00f6ncelikle mobil cihazlara y\u00f6nelik olmal\u0131d\u0131r.<\/p><\/div><\/li><li class=\"wpr-feature-list-item elementor-repeater-item-4786d7a\"><div class=\"wpr-feature-list-icon-wrap\"><span class=\"wpr-feature-list-line\"><\/span><div class=\"wpr-feature-list-icon-inner-wrap\"><svg aria-hidden=\"true\" class=\"e-font-icon-svg e-fas-chart-area\" viewbox=\"0 0 512 512\" xmlns=\"http:\/\/www.w3.org\/2000\/svg\"><path d=\"M500 384c6.6 0 12 5.4 12 12v40c0 6.6-5.4 12-12 12H12c-6.6 0-12-5.4-12-12V76c0-6.6 5.4-12 12-12h40c6.6 0 12 5.4 12 12v308h436zM372.7 159.5L288 216l-85.3-113.7c-5.1-6.8-15.5-6.3-19.9 1L96 248v104h384l-89.9-187.8c-3.2-6.5-11.4-8.7-17.4-4.7z\"><\/path><\/svg><\/div><\/div><div class=\"wpr-feature-list-content-wrap\"><h2 class=\"wpr-feature-list-title\"><a class=\"wpr-feature-list-url\" target=\"_blank\" rel=\"nofollow\">Analitik ve izleme<\/a><\/h2><p class=\"wpr-feature-list-description\">Google Analytics gibi ara\u00e7lar\u0131n entegrasyonu, ziyaret\u00e7i davran\u0131\u015f\u0131n\u0131 analiz etmeyi ve web sitesini s\u00fcrekli olarak iyile\u015ftirmeyi m\u00fcmk\u00fcn k\u0131lar.<\/p><\/div><\/li><li class=\"wpr-feature-list-item elementor-repeater-item-3258da2\"><div class=\"wpr-feature-list-icon-wrap\"><span class=\"wpr-feature-list-line\"><\/span><div class=\"wpr-feature-list-icon-inner-wrap\"><svg aria-hidden=\"true\" class=\"e-font-icon-svg e-fas-wheelchair\" viewbox=\"0 0 512 512\" xmlns=\"http:\/\/www.w3.org\/2000\/svg\"><path d=\"M496.101 385.669l14.227 28.663c3.929 7.915.697 17.516-7.218 21.445l-65.465 32.886c-16.049 7.967-35.556 1.194-43.189-15.055L331.679 320H192c-15.925 0-29.426-11.71-31.679-27.475C126.433 55.308 128.38 70.044 128 64c0-36.358 30.318-65.635 67.052-63.929 33.271 1.545 60.048 28.905 60.925 62.201.868 32.933-23.152 60.423-54.608 65.039l4.67 32.69H336c8.837 0 16 7.163 16 16v32c0 8.837-7.163 16-16 16H215.182l4.572 32H352a32 32 0 0 1 28.962 18.392L438.477 396.8l36.178-18.349c7.915-3.929 17.517-.697 21.446 7.218zM311.358 352h-24.506c-7.788 54.204-54.528 96-110.852 96-61.757 0-112-50.243-112-112 0-41.505 22.694-77.809 56.324-97.156-3.712-25.965-6.844-47.86-9.488-66.333C45.956 198.464 0 261.963 0 336c0 97.047 78.953 176 176 176 71.87 0 133.806-43.308 161.11-105.192L311.358 352z\"><\/path><\/svg><\/div><\/div><div class=\"wpr-feature-list-content-wrap\"><h2 class=\"wpr-feature-list-title\"><a class=\"wpr-feature-list-url\" target=\"_blank\" rel=\"nofollow\">Eri\u015filebilirlik<\/a><\/h2><p class=\"wpr-feature-list-description\">Engelsiz bir tasar\u0131m, ba\u015fta engelliler olmak \u00fczere insanlar\u0131n farkl\u0131 ihtiya\u00e7lar\u0131n\u0131 dikkate al\u0131r ve web sitesine daha geni\u015f eri\u015fim sa\u011flar.<\/p><\/div><\/li><li class=\"wpr-feature-list-item elementor-repeater-item-bc3b9f7\"><div class=\"wpr-feature-list-icon-wrap\"><span class=\"wpr-feature-list-line\"><\/span><div class=\"wpr-feature-list-icon-inner-wrap\"><svg aria-hidden=\"true\" class=\"e-font-icon-svg e-fab-wordpress\" viewbox=\"0 0 512 512\" xmlns=\"http:\/\/www.w3.org\/2000\/svg\"><path d=\"M61.7 169.4l101.5 278C92.2 413 43.3 340.2 43.3 256c0-30.9 6.6-60.1 18.4-86.6zm337.9 75.9c0-26.3-9.4-44.5-17.5-58.7-10.8-17.5-20.9-32.4-20.9-49.9 0-19.6 14.8-37.8 35.7-37.8.9 0 1.8.1 2.8.2-37.9-34.7-88.3-55.9-143.7-55.9-74.3 0-139.7 38.1-177.8 95.9 5 .2 9.7.3 13.7.3 22.2 0 56.7-2.7 56.7-2.7 11.5-.7 12.8 16.2 1.4 17.5 0 0-11.5 1.3-24.3 2l77.5 230.4L249.8 247l-33.1-90.8c-11.5-.7-22.3-2-22.3-2-11.5-.7-10.1-18.2 1.3-17.5 0 0 35.1 2.7 56 2.7 22.2 0 56.7-2.7 56.7-2.7 11.5-.7 12.8 16.2 1.4 17.5 0 0-11.5 1.3-24.3 2l76.9 228.7 21.2-70.9c9-29.4 16-50.5 16-68.7zm-139.9 29.3l-63.8 185.5c19.1 5.6 39.2 8.7 60.1 8.7 24.8 0 48.5-4.3 70.6-12.1-.6-.9-1.1-1.9-1.5-2.9l-65.4-179.2zm183-120.7c.9 6.8 1.4 14 1.4 21.9 0 21.6-4 45.8-16.2 76.2l-65 187.9C426.2 403 468.7 334.5 468.7 256c0-37-9.4-71.8-26-102.1zM504 256c0 136.8-111.3 248-248 248C119.2 504 8 392.7 8 256 8 119.2 119.2 8 256 8c136.7 0 248 111.2 248 248zm-11.4 0c0-130.5-106.2-236.6-236.6-236.6C125.5 19.4 19.4 125.5 19.4 256S125.6 492.6 256 492.6c130.5 0 236.6-106.1 236.6-236.6z\"><\/path><\/svg><\/div><\/div><div class=\"wpr-feature-list-content-wrap\"><h2 class=\"wpr-feature-list-title\"><a class=\"wpr-feature-list-url\" target=\"_blank\" rel=\"nofollow\">\u0130\u00e7erik Y\u00f6netim Sistemi (CMS)<\/a><\/h2><p class=\"wpr-feature-list-description\">Modern bir CMS kullan\u0131m\u0131, web sitesindeki i\u00e7eri\u011fin bak\u0131m\u0131n\u0131 ve g\u00fcncellenmesini kolayla\u015ft\u0131r\u0131r.<\/p><\/div><\/li><li class=\"wpr-feature-list-item elementor-repeater-item-eba23cd\"><div class=\"wpr-feature-list-icon-wrap\"><span class=\"wpr-feature-list-line\"><\/span><div class=\"wpr-feature-list-icon-inner-wrap\"><svg aria-hidden=\"true\" class=\"e-font-icon-svg e-fas-file-download\" viewbox=\"0 0 384 512\" xmlns=\"http:\/\/www.w3.org\/2000\/svg\"><path d=\"M224 136V0H24C10.7 0 0 10.7 0 24v464c0 13.3 10.7 24 24 24h336c13.3 0 24-10.7 24-24V160H248c-13.2 0-24-10.8-24-24zm76.45 211.36l-96.42 95.7c-6.65 6.61-17.39 6.61-24.04 0l-96.42-95.7C73.42 337.29 80.54 320 94.82 320H160v-80c0-8.84 7.16-16 16-16h32c8.84 0 16 7.16 16 16v80h65.18c14.28 0 21.4 17.29 11.27 27.36zM377 105L279.1 7c-4.5-4.5-10.6-7-17-7H256v128h128v-6.1c0-6.3-2.5-12.4-7-16.9z\"><\/path><\/svg><\/div><\/div><div class=\"wpr-feature-list-content-wrap\"><h2 class=\"wpr-feature-list-title\"><a class=\"wpr-feature-list-url\" target=\"_blank\" rel=\"nofollow\">Y\u00fckleme s\u00fcresi optimizasyonu<\/a><\/h2><p class=\"wpr-feature-list-description\">H\u0131zl\u0131 y\u00fckleme s\u00fcreleri olumlu bir kullan\u0131c\u0131 deneyimi i\u00e7in \u00e7ok \u00f6nemlidir ve arama motorlar\u0131ndaki s\u0131ralamay\u0131 da etkiler.<\/p><\/div><\/li><li class=\"wpr-feature-list-item elementor-repeater-item-79a69c4\"><div class=\"wpr-feature-list-icon-wrap\"><span class=\"wpr-feature-list-line\"><\/span><div class=\"wpr-feature-list-icon-inner-wrap\"><svg aria-hidden=\"true\" class=\"e-font-icon-svg e-far-gem\" viewbox=\"0 0 576 512\" xmlns=\"http:\/\/www.w3.org\/2000\/svg\"><path d=\"M464 0H112c-4 0-7.8 2-10 5.4L2 152.6c-2.9 4.4-2.6 10.2.7 14.2l276 340.8c4.8 5.9 13.8 5.9 18.6 0l276-340.8c3.3-4.1 3.6-9.8.7-14.2L474.1 5.4C471.8 2 468.1 0 464 0zm-19.3 48l63.3 96h-68.4l-51.7-96h56.8zm-202.1 0h90.7l51.7 96H191l51.6-96zm-111.3 0h56.8l-51.7 96H68l63.3-96zm-43 144h51.4L208 352 88.3 192zm102.9 0h193.6L288 435.3 191.2 192zM368 352l68.2-160h51.4L368 352z\"><\/path><\/svg><\/div><\/div><div class=\"wpr-feature-list-content-wrap\"><h2 class=\"wpr-feature-list-title\"><a class=\"wpr-feature-list-url\" target=\"_blank\" rel=\"nofollow\">\u00c7ekici tasar\u0131m<\/a><\/h2><p class=\"wpr-feature-list-description\">Markaya uygun ve ziyaret\u00e7ilerin ilgisini \u00e7ekecek estetik bir tasar\u0131m da \u00f6nemlidir.<\/p><\/div><\/li><\/ul><\/div>\t\t\t\t<\/div>\n\t\t\t\t<\/div>\n\t\t\t\t\t<\/div>\n\t\t\t\t<\/div>\n\t\t<div class=\"elementor-element elementor-element-cdf0947 e-flex e-con-boxed wpr-particle-no wpr-jarallax-no wpr-parallax-no wpr-sticky-section-no wpr-equal-height-no e-con e-parent\" data-id=\"cdf0947\" data-element_type=\"container\" data-e-type=\"container\">\n\t\t\t\t\t<div class=\"e-con-inner\">\n\t\t<div class=\"elementor-element elementor-element-36a3c20 e-con-full e-flex wpr-particle-no wpr-jarallax-no wpr-parallax-no wpr-sticky-section-no wpr-equal-height-no e-con e-child\" data-id=\"36a3c20\" data-element_type=\"container\" data-e-type=\"container\">\n\t\t\t\t<div class=\"elementor-element elementor-element-4ed271c elementor-widget elementor-widget-image\" data-id=\"4ed271c\" data-element_type=\"widget\" data-e-type=\"widget\" data-widget_type=\"image.default\">\n\t\t\t\t<div class=\"elementor-widget-container\">\n\t\t\t\t\t\t\t\t\t\t\t\t\t\t\t<img decoding=\"async\" width=\"850\" height=\"850\" src=\"https:\/\/pbs-marketing.de\/wp-content\/uploads\/2022\/03\/Homepage_Testzentrum_RLP_3.jpg\" class=\"attachment-large size-large wp-image-553\" alt=\"\" srcset=\"https:\/\/pbs-marketing.de\/wp-content\/uploads\/2022\/03\/Homepage_Testzentrum_RLP_3.jpg 850w, https:\/\/pbs-marketing.de\/wp-content\/uploads\/2022\/03\/Homepage_Testzentrum_RLP_3-300x300.jpg 300w, https:\/\/pbs-marketing.de\/wp-content\/uploads\/2022\/03\/Homepage_Testzentrum_RLP_3-80x80.jpg 80w, https:\/\/pbs-marketing.de\/wp-content\/uploads\/2022\/03\/Homepage_Testzentrum_RLP_3-768x768.jpg 768w, https:\/\/pbs-marketing.de\/wp-content\/uploads\/2022\/03\/Homepage_Testzentrum_RLP_3-36x36.jpg 36w, https:\/\/pbs-marketing.de\/wp-content\/uploads\/2022\/03\/Homepage_Testzentrum_RLP_3-180x180.jpg 180w, https:\/\/pbs-marketing.de\/wp-content\/uploads\/2022\/03\/Homepage_Testzentrum_RLP_3-705x705.jpg 705w\" sizes=\"(max-width: 850px) 100vw, 850px\" \/>\t\t\t\t\t\t\t\t\t\t\t\t\t\t\t<\/div>\n\t\t\t\t<\/div>\n\t\t\t\t<\/div>\n\t\t<div class=\"elementor-element elementor-element-1557d63 e-con-full e-flex wpr-particle-no wpr-jarallax-no wpr-parallax-no wpr-sticky-section-no wpr-equal-height-no e-con e-child\" data-id=\"1557d63\" data-element_type=\"container\" data-e-type=\"container\">\n\t\t\t\t<div class=\"elementor-element elementor-element-145981b elementor-widget elementor-widget-heading\" data-id=\"145981b\" data-element_type=\"widget\" data-e-type=\"widget\" data-widget_type=\"heading.default\">\n\t\t\t\t<div class=\"elementor-widget-container\">\n\t\t\t\t\t<h2 class=\"elementor-heading-title elementor-size-default\">Arama motoru optimizasyonu (SEO)<\/h2>\t\t\t\t<\/div>\n\t\t\t\t<\/div>\n\t\t\t\t<div class=\"elementor-element elementor-element-212864b elementor-widget elementor-widget-text-editor\" data-id=\"212864b\" data-element_type=\"widget\" data-e-type=\"widget\" data-widget_type=\"text-editor.default\">\n\t\t\t\t<div class=\"elementor-widget-container\">\n\t\t\t\t\t\t\t\t\t<p>\u00d6zelle\u015ftirilmi\u015f SEO stratejilerimizle \u00e7evrimi\u00e7i varl\u0131\u011f\u0131n\u0131z\u0131 g\u00fc\u00e7lendirin. Arama motorlar\u0131nda g\u00f6r\u00fcn\u00fcrl\u00fc\u011f\u00fcn\u00fcz\u00fc art\u0131rmak, y\u00fcksek kaliteli trafik olu\u015fturmak ve marka bilinirli\u011finizi art\u0131rmak i\u00e7in web sitenizi optimize ediyoruz.<\/p>\t\t\t\t\t\t\t\t<\/div>\n\t\t\t\t<\/div>\n\t\t\t\t<\/div>\n\t\t\t\t\t<\/div>\n\t\t\t\t<\/div>\n\t\t\t\t<\/div>","protected":false},"excerpt":{"rendered":"<p>Homepages Wir entwickeln einzigartige Web-L\u00f6sungen auf WordPress-Basis in einem passenden Gesamtkonzept. Webdesign und Entwicklung Ihre Website ist das Herzst\u00fcck Ihrer Online-Pr\u00e4senz. Unsere Designer und Entwickler schaffen benutzerfreundliche, optisch ansprechende und technisch fortschrittliche Websites, die Ihre Marke perfekt widerspiegeln. Benutzerfreundlichkeit Eine moderne Homepage sollte eine intuitive Benutzerf\u00fchrung bieten. Klare Men\u00fcstrukturen, leicht verst\u00e4ndliche Navigation und schnelle Ladezeiten tragen zur positiven Nutzererfahrung bei. Sicherheit Der Einsatz von SSL-Zertifikaten gew\u00e4hrleistet eine verschl\u00fcsselte Daten\u00fcbertragung zwischen dem Webserver und den Besuchern der Webseite, was die Sicherheit erh\u00f6ht. Social Media Integration Die Verkn\u00fcpfung mit sozialen Medien erm\u00f6glicht es Besuchern, Inhalte leicht zu teilen und tr\u00e4gt zur Steigerung der Online-Pr\u00e4senz bei. Klare Call-to-Action-Elemente Gut platzierte Handlungsaufforderungen, wie &#8222;Kontakt aufnehmen&#8220; oder &#8222;Jetzt kaufen&#8220;, erleichtern den Besuchern das Interagieren mit der Seite und unterst\u00fctzen die Conversion. Responsivit\u00e4t F\u00fcr Responsivit\u00e4t, sollte das Design prim\u00e4r auf mobile Ger\u00e4te ausgerichtet sein, um den steigenden Anteil von mobilen Nutzern zu ber\u00fccksichtigen. Analytik und Tracking Die Integration von Tools wie Google Analytics erm\u00f6glicht es, das Besucherverhalten zu analysieren und die Webseite kontinuierlich zu verbessern. Barrierefreiheit Eine barrierefreie Gestaltung ber\u00fccksichtigt unterschiedliche Bed\u00fcrfnisse von Menschen, insbesondere solche mit Behinderungen, und erm\u00f6glicht einen breiteren Zugang zur Webseite. Content Management System (CMS) Die Verwendung eines modernen CMS erleichtert die Pflege und Aktualisierung von Inhalten auf der Webseite. Ladezeitenoptimierung Schnelle Ladezeiten sind entscheidend f\u00fcr eine positive Nutzererfahrung und beeinflussen auch das Ranking in Suchmaschinen. Ansprechendes Design Ein \u00e4sthetisch ansprechendes Design, das zur Marke passt und die Aufmerksamkeit der Besucher auf sich zieht, ist ebenfalls wichtig. Suchmaschinenoptimierung (SEO) Steigern Sie Ihre Online-Pr\u00e4senz mit unseren ma\u00dfgeschneiderten SEO-Strategien. Wir optimieren Ihre Website, um die Sichtbarkeit in Suchmaschinen zu erh\u00f6hen, qualitativ hochwertigen Traffic zu generieren und Ihre Markenbekanntheit zu steigern.<\/p>","protected":false},"author":3,"featured_media":0,"parent":0,"menu_order":0,"comment_status":"closed","ping_status":"closed","template":"","meta":{"_monsterinsights_skip_tracking":false,"_monsterinsights_sitenote_active":false,"_monsterinsights_sitenote_note":"","_monsterinsights_sitenote_category":0,"footnotes":""},"class_list":["post-1133","page","type-page","status-publish","hentry"],"_links":{"self":[{"href":"https:\/\/pbs-marketing.de\/tr\/wp-json\/wp\/v2\/pages\/1133","targetHints":{"allow":["GET"]}}],"collection":[{"href":"https:\/\/pbs-marketing.de\/tr\/wp-json\/wp\/v2\/pages"}],"about":[{"href":"https:\/\/pbs-marketing.de\/tr\/wp-json\/wp\/v2\/types\/page"}],"author":[{"embeddable":true,"href":"https:\/\/pbs-marketing.de\/tr\/wp-json\/wp\/v2\/users\/3"}],"replies":[{"embeddable":true,"href":"https:\/\/pbs-marketing.de\/tr\/wp-json\/wp\/v2\/comments?post=1133"}],"version-history":[{"count":11,"href":"https:\/\/pbs-marketing.de\/tr\/wp-json\/wp\/v2\/pages\/1133\/revisions"}],"predecessor-version":[{"id":1240,"href":"https:\/\/pbs-marketing.de\/tr\/wp-json\/wp\/v2\/pages\/1133\/revisions\/1240"}],"wp:attachment":[{"href":"https:\/\/pbs-marketing.de\/tr\/wp-json\/wp\/v2\/media?parent=1133"}],"curies":[{"name":"wp","href":"https:\/\/api.w.org\/{rel}","templated":true}]}}