{"id":1149,"date":"2023-11-24T14:12:10","date_gmt":"2023-11-24T13:12:10","guid":{"rendered":"https:\/\/pbs-marketing.de\/?page_id=1149"},"modified":"2023-11-29T09:57:46","modified_gmt":"2023-11-29T08:57:46","slug":"produktfotografie","status":"publish","type":"page","link":"https:\/\/pbs-marketing.de\/tr\/produktfotografie\/","title":{"rendered":"\u00dcr\u00fcn foto\u011fraf\u00e7\u0131l\u0131\u011f\u0131"},"content":{"rendered":"<div data-elementor-type=\"wp-page\" data-elementor-id=\"1149\" class=\"elementor elementor-1149\" data-elementor-post-type=\"page\">\n\t\t\t\t<div class=\"elementor-element elementor-element-694efd6 e-flex e-con-boxed wpr-particle-no wpr-jarallax-no wpr-parallax-no wpr-sticky-section-no wpr-equal-height-no e-con e-parent\" data-id=\"694efd6\" data-element_type=\"container\" data-e-type=\"container\">\n\t\t\t\t\t<div class=\"e-con-inner\">\n\t\t\t\t<div class=\"elementor-element elementor-element-49025ff elementor-widget elementor-widget-heading\" data-id=\"49025ff\" data-element_type=\"widget\" data-e-type=\"widget\" data-widget_type=\"heading.default\">\n\t\t\t\t<div class=\"elementor-widget-container\">\n\t\t\t\t\t<h2 class=\"elementor-heading-title elementor-size-default\">\u00dcr\u00fcn foto\u011fraf\u00e7\u0131l\u0131\u011f\u0131<\/h2>\t\t\t\t<\/div>\n\t\t\t\t<\/div>\n\t\t\t\t<div class=\"elementor-element elementor-element-8629b5f elementor-widget elementor-widget-text-editor\" data-id=\"8629b5f\" data-element_type=\"widget\" data-e-type=\"widget\" data-widget_type=\"text-editor.default\">\n\t\t\t\t<div class=\"elementor-widget-container\">\n\t\t\t\t\t\t\t\t\t<p>Sat\u0131\u015f ba\u015far\u0131n\u0131z i\u00e7in y\u00fcksek kaliteli \u00fcr\u00fcn foto\u011fraflar\u0131. M\u00fckemmel sahneleme ve yarat\u0131c\u0131 fikirler foto\u011fraflar\u0131m\u0131z\u0131 karakterize eder.<\/p>\t\t\t\t\t\t\t\t<\/div>\n\t\t\t\t<\/div>\n\t\t\t\t\t<\/div>\n\t\t\t\t<\/div>\n\t\t<div class=\"elementor-element elementor-element-b523795 e-flex e-con-boxed wpr-particle-no wpr-jarallax-no wpr-parallax-no wpr-sticky-section-no wpr-equal-height-no e-con e-parent\" data-id=\"b523795\" data-element_type=\"container\" data-e-type=\"container\">\n\t\t\t\t\t<div class=\"e-con-inner\">\n\t\t<div class=\"elementor-element elementor-element-2befe01 e-con-full e-flex wpr-particle-no wpr-jarallax-no wpr-parallax-no wpr-sticky-section-no wpr-equal-height-no e-con e-child\" data-id=\"2befe01\" data-element_type=\"container\" data-e-type=\"container\">\n\t\t\t\t<div class=\"elementor-element elementor-element-e6861bb elementor-widget elementor-widget-heading\" data-id=\"e6861bb\" data-element_type=\"widget\" data-e-type=\"widget\" data-widget_type=\"heading.default\">\n\t\t\t\t<div class=\"elementor-widget-container\">\n\t\t\t\t\t<h2 class=\"elementor-heading-title elementor-size-default\">\u00dcr\u00fcnleriniz en iyi \u015fekilde g\u00f6r\u00fcn\u00fcr<\/h2>\t\t\t\t<\/div>\n\t\t\t\t<\/div>\n\t\t\t\t<div class=\"elementor-element elementor-element-cf9b19a elementor-widget elementor-widget-text-editor\" data-id=\"cf9b19a\" data-element_type=\"widget\" data-e-type=\"widget\" data-widget_type=\"text-editor.default\">\n\t\t\t\t<div class=\"elementor-widget-container\">\n\t\t\t\t\t\t\t\t\t<p>\u00dcr\u00fcnlerinizin benzersizli\u011fini ve kalitesini vurgulamak i\u00e7in tasarlanm\u0131\u015f kapsaml\u0131 bir \u00fcr\u00fcn foto\u011fraf\u00e7\u0131l\u0131\u011f\u0131 hizmetleri yelpazesi sunuyoruz. Profesyonel foto\u011fraf\u00e7\u0131lar\u0131m\u0131z, \u00fcr\u00fcnlerinizi hedef kitlenizin dikkatini \u00e7ekecek \u015fekilde sergilemek i\u00e7in geli\u015fmi\u015f teknikler ve yarat\u0131c\u0131 uzmanl\u0131k kullanmaktad\u0131r. \u0130ster \u00e7evrimi\u00e7i ma\u011fazalar, ister kataloglar veya promosyon malzemeleri i\u00e7in olsun, y\u00fcksek \u00e7\u00f6z\u00fcn\u00fcrl\u00fckl\u00fc, ayr\u0131nt\u0131l\u0131 foto\u011fraflar\u0131m\u0131z \u00fcr\u00fcnlerinizi rakiplerinden ay\u0131racak ve m\u00fc\u015fteri ilgisini art\u0131racakt\u0131r.<\/p>\t\t\t\t\t\t\t\t<\/div>\n\t\t\t\t<\/div>\n\t\t\t\t<\/div>\n\t\t<div class=\"elementor-element elementor-element-db2cfd2 e-con-full e-flex wpr-particle-no wpr-jarallax-no wpr-parallax-no wpr-sticky-section-no wpr-equal-height-no e-con e-child\" data-id=\"db2cfd2\" data-element_type=\"container\" data-e-type=\"container\">\n\t\t\t\t<div class=\"elementor-element elementor-element-a5b49be elementor-widget elementor-widget-image\" data-id=\"a5b49be\" data-element_type=\"widget\" data-e-type=\"widget\" data-widget_type=\"image.default\">\n\t\t\t\t<div class=\"elementor-widget-container\">\n\t\t\t\t\t\t\t\t\t\t\t\t\t\t\t<img fetchpriority=\"high\" decoding=\"async\" width=\"960\" height=\"955\" src=\"https:\/\/pbs-marketing.de\/wp-content\/uploads\/2023\/11\/kadarius-seegars-0FHNXqyqgg4-unsplash-scaled-e1701248240798-1030x1025.jpg\" class=\"attachment-large size-large wp-image-1206\" alt=\"\" srcset=\"https:\/\/pbs-marketing.de\/wp-content\/uploads\/2023\/11\/kadarius-seegars-0FHNXqyqgg4-unsplash-scaled-e1701248240798-1030x1025.jpg 1030w, https:\/\/pbs-marketing.de\/wp-content\/uploads\/2023\/11\/kadarius-seegars-0FHNXqyqgg4-unsplash-scaled-e1701248240798-80x80.jpg 80w, https:\/\/pbs-marketing.de\/wp-content\/uploads\/2023\/11\/kadarius-seegars-0FHNXqyqgg4-unsplash-scaled-e1701248240798-768x764.jpg 768w, https:\/\/pbs-marketing.de\/wp-content\/uploads\/2023\/11\/kadarius-seegars-0FHNXqyqgg4-unsplash-scaled-e1701248240798-1536x1529.jpg 1536w, https:\/\/pbs-marketing.de\/wp-content\/uploads\/2023\/11\/kadarius-seegars-0FHNXqyqgg4-unsplash-scaled-e1701248240798.jpg 1676w\" sizes=\"(max-width: 960px) 100vw, 960px\" \/>\t\t\t\t\t\t\t\t\t\t\t\t\t\t\t<\/div>\n\t\t\t\t<\/div>\n\t\t\t\t<\/div>\n\t\t\t\t\t<\/div>\n\t\t\t\t<\/div>\n\t\t<div class=\"elementor-element elementor-element-4fc17c0 e-flex e-con-boxed wpr-particle-no wpr-jarallax-no wpr-parallax-no wpr-sticky-section-no wpr-equal-height-no e-con e-parent\" data-id=\"4fc17c0\" data-element_type=\"container\" data-e-type=\"container\">\n\t\t\t\t\t<div class=\"e-con-inner\">\n\t\t<div class=\"elementor-element elementor-element-ee3ef1f e-con-full e-flex wpr-particle-no wpr-jarallax-no wpr-parallax-no wpr-sticky-section-no wpr-equal-height-no e-con e-child\" data-id=\"ee3ef1f\" data-element_type=\"container\" data-e-type=\"container\">\n\t\t\t\t<div class=\"elementor-element elementor-element-2b7ebf1 elementor-widget elementor-widget-image\" data-id=\"2b7ebf1\" data-element_type=\"widget\" data-e-type=\"widget\" data-widget_type=\"image.default\">\n\t\t\t\t<div class=\"elementor-widget-container\">\n\t\t\t\t\t\t\t\t\t\t\t\t\t\t\t<img decoding=\"async\" width=\"960\" height=\"963\" src=\"https:\/\/pbs-marketing.de\/wp-content\/uploads\/2023\/11\/pat-taylor-12V36G17IbQ-unsplash-scaled-e1701248160475-1027x1030.jpg\" class=\"attachment-large size-large wp-image-1205\" alt=\"\" srcset=\"https:\/\/pbs-marketing.de\/wp-content\/uploads\/2023\/11\/pat-taylor-12V36G17IbQ-unsplash-scaled-e1701248160475-1027x1030.jpg 1027w, https:\/\/pbs-marketing.de\/wp-content\/uploads\/2023\/11\/pat-taylor-12V36G17IbQ-unsplash-scaled-e1701248160475-300x300.jpg 300w, https:\/\/pbs-marketing.de\/wp-content\/uploads\/2023\/11\/pat-taylor-12V36G17IbQ-unsplash-scaled-e1701248160475-80x80.jpg 80w, https:\/\/pbs-marketing.de\/wp-content\/uploads\/2023\/11\/pat-taylor-12V36G17IbQ-unsplash-scaled-e1701248160475-768x770.jpg 768w, https:\/\/pbs-marketing.de\/wp-content\/uploads\/2023\/11\/pat-taylor-12V36G17IbQ-unsplash-scaled-e1701248160475-1532x1536.jpg 1532w, https:\/\/pbs-marketing.de\/wp-content\/uploads\/2023\/11\/pat-taylor-12V36G17IbQ-unsplash-scaled-e1701248160475.jpg 1710w\" sizes=\"(max-width: 960px) 100vw, 960px\" \/>\t\t\t\t\t\t\t\t\t\t\t\t\t\t\t<\/div>\n\t\t\t\t<\/div>\n\t\t\t\t<\/div>\n\t\t<div class=\"elementor-element elementor-element-c3920be e-con-full e-flex wpr-particle-no wpr-jarallax-no wpr-parallax-no wpr-sticky-section-no wpr-equal-height-no e-con e-child\" data-id=\"c3920be\" data-element_type=\"container\" data-e-type=\"container\">\n\t\t\t\t<div class=\"elementor-element elementor-element-7497b58 elementor-widget elementor-widget-heading\" data-id=\"7497b58\" data-element_type=\"widget\" data-e-type=\"widget\" data-widget_type=\"heading.default\">\n\t\t\t\t<div class=\"elementor-widget-container\">\n\t\t\t\t\t<h2 class=\"elementor-heading-title elementor-size-default\">\u0130nsanlar\u0131 sat\u0131n almaya te\u015fvik eden y\u00fcksek \u00e7\u00f6z\u00fcn\u00fcrl\u00fckl\u00fc g\u00f6rseller\n<\/h2>\t\t\t\t<\/div>\n\t\t\t\t<\/div>\n\t\t\t\t<div class=\"elementor-element elementor-element-a5d205f elementor-widget elementor-widget-text-editor\" data-id=\"a5d205f\" data-element_type=\"widget\" data-e-type=\"widget\" data-widget_type=\"text-editor.default\">\n\t\t\t\t<div class=\"elementor-widget-container\">\n\t\t\t\t\t\t\t\t\t<p>\u00dcr\u00fcn foto\u011fraf\u00e7\u0131l\u0131\u011f\u0131m\u0131z, detaylara g\u00f6sterilen titizlik ve yarat\u0131c\u0131 yetenekle \u00f6ne \u00e7\u0131k\u0131yor. \u00dcr\u00fcnlerinizin en iyi \u015fekilde temsil edilmesini sa\u011flamak i\u00e7in standartla\u015ft\u0131r\u0131lm\u0131\u015f ve \u00f6zelle\u015ftirilmi\u015f foto\u011fraf \u00e7ekimleri sunuyoruz. Son teknoloji ayd\u0131nlatma, \u00f6zel lensler ve yarat\u0131c\u0131 set tasar\u0131mlar\u0131 kullanarak \u00fcr\u00fcnlerinizi m\u00fcmk\u00fcn olan en iyi \u0131\u015f\u0131kta sahneliyoruz. \u0130ster web siteniz, ister promosyon malzemeleri veya sosyal medya i\u00e7in olsun, y\u00fcksek \u00e7\u00f6z\u00fcn\u00fcrl\u00fckl\u00fc g\u00f6r\u00fcnt\u00fclerimiz \u00fcr\u00fcnlerinizin \u00f6z\u00fcn\u00fc yakal\u0131yor ve m\u00fc\u015fterilerin ilgisini \u00e7ekiyor.<\/p><p>E-ticarette, sat\u0131\u015f ba\u015far\u0131s\u0131 i\u00e7in g\u00f6rsel sunum \u00e7ok \u00f6nemlidir. Bu nedenle, geleneksel \u00fcr\u00fcn foto\u011fraf\u00e7\u0131l\u0131\u011f\u0131na ek olarak, kapsaml\u0131 ve ger\u00e7ek\u00e7i bir al\u0131\u015fveri\u015f deneyimi sa\u011flayan 360 derecelik \u00e7ekimler ve etkile\u015fimli \u00fcr\u00fcn g\u00f6r\u00fcn\u00fcmleri de sunuyoruz. Post prod\u00fcksiyon tekniklerimiz, her g\u00f6r\u00fcnt\u00fcn\u00fcn \u00fcr\u00fcnlerinizi m\u00fcmk\u00fcn olan en iyi \u015fekilde sunmas\u0131n\u0131 sa\u011flayarak d\u00f6n\u00fc\u015f\u00fcm oranlar\u0131n\u0131 art\u0131r\u0131r ve m\u00fc\u015fteri iadelerini azalt\u0131r.<\/p>\t\t\t\t\t\t\t\t<\/div>\n\t\t\t\t<\/div>\n\t\t\t\t<\/div>\n\t\t\t\t\t<\/div>\n\t\t\t\t<\/div>\n\t\t\t\t<\/div>","protected":false},"excerpt":{"rendered":"<p>Produktfotografie Hochwertige Produktfotos f\u00fcr Ihren Verkaufserfolg. Perfekte Inszenierung &amp; kreative Ideen zeichnen unsere Fotos aus. Ihre Produkte im besten Licht Wir bieten eine umfassende Palette an Produktfotografiediensten, die darauf ausgelegt sind, die Einzigartigkeit und Qualit\u00e4t Ihrer Produkte zu betonen. Unsere professionellen Fotografen nutzen fortschrittliche Techniken und kreatives Know-how, um Ihre Produkte so zu inszenieren, dass sie die Aufmerksamkeit Ihrer Zielgruppe auf sich ziehen. Ob f\u00fcr Online-Shops, Kataloge oder Werbematerialien \u2013 unsere hochaufl\u00f6senden, detailreichen Fotos heben Ihre Produkte von der Konkurrenz ab und steigern das Kundeninteresse. Hochaufl\u00f6sende Bilder, die zum Kauf anregen Unsere Produktfotografie hebt sich durch akribische Detailtreue und kreatives Flair ab. Wir bieten standardisierte und individuelle Fotoshootings, um die beste Darstellung Ihrer Produkte zu gew\u00e4hrleisten. Mit modernster Beleuchtung, spezialisierten Linsen und kreativen Set-Designs inszenieren wir Ihre Produkte in einem optimalen Licht. Ob f\u00fcr Ihre Website, Werbematerialien oder soziale Medien \u2013 unsere hochaufl\u00f6senden Bilder fangen die Essenz Ihrer Produkte ein und f\u00f6rdern das Kundeninteresse. Im E-Commerce ist die visuelle Darstellung entscheidend f\u00fcr den Verkaufserfolg. Deshalb bieten wir neben herk\u00f6mmlichen Produktfotografien auch 360-Grad-Aufnahmen und interaktive Produktansichten, die ein umfassendes und realistisches Einkaufserlebnis erm\u00f6glichen. Unsere Postproduktionstechniken gew\u00e4hrleisten, dass jedes Bild Ihre Produkte in bestm\u00f6glichem Licht pr\u00e4sentiert, wodurch die Konversionsraten gesteigert und Kundenr\u00fccksendungen reduziert\u00a0werden.<\/p>","protected":false},"author":3,"featured_media":0,"parent":0,"menu_order":0,"comment_status":"closed","ping_status":"closed","template":"","meta":{"_monsterinsights_skip_tracking":false,"_monsterinsights_sitenote_active":false,"_monsterinsights_sitenote_note":"","_monsterinsights_sitenote_category":0,"footnotes":""},"class_list":["post-1149","page","type-page","status-publish","hentry"],"_links":{"self":[{"href":"https:\/\/pbs-marketing.de\/tr\/wp-json\/wp\/v2\/pages\/1149","targetHints":{"allow":["GET"]}}],"collection":[{"href":"https:\/\/pbs-marketing.de\/tr\/wp-json\/wp\/v2\/pages"}],"about":[{"href":"https:\/\/pbs-marketing.de\/tr\/wp-json\/wp\/v2\/types\/page"}],"author":[{"embeddable":true,"href":"https:\/\/pbs-marketing.de\/tr\/wp-json\/wp\/v2\/users\/3"}],"replies":[{"embeddable":true,"href":"https:\/\/pbs-marketing.de\/tr\/wp-json\/wp\/v2\/comments?post=1149"}],"version-history":[{"count":10,"href":"https:\/\/pbs-marketing.de\/tr\/wp-json\/wp\/v2\/pages\/1149\/revisions"}],"predecessor-version":[{"id":1210,"href":"https:\/\/pbs-marketing.de\/tr\/wp-json\/wp\/v2\/pages\/1149\/revisions\/1210"}],"wp:attachment":[{"href":"https:\/\/pbs-marketing.de\/tr\/wp-json\/wp\/v2\/media?parent=1149"}],"curies":[{"name":"wp","href":"https:\/\/api.w.org\/{rel}","templated":true}]}}