{"id":1185,"date":"2023-11-24T15:39:39","date_gmt":"2023-11-24T14:39:39","guid":{"rendered":"https:\/\/pbs-marketing.de\/?page_id=1185"},"modified":"2023-11-29T11:20:48","modified_gmt":"2023-11-29T10:20:48","slug":"werbeartikel","status":"publish","type":"page","link":"https:\/\/pbs-marketing.de\/tr\/werbeartikel\/","title":{"rendered":"Promosyon \u00fcr\u00fcnleri"},"content":{"rendered":"<div data-elementor-type=\"wp-page\" data-elementor-id=\"1185\" class=\"elementor elementor-1185\" data-elementor-post-type=\"page\">\n\t\t\t\t<div class=\"elementor-element elementor-element-6079ccd e-flex e-con-boxed wpr-particle-no wpr-jarallax-no wpr-parallax-no wpr-sticky-section-no wpr-equal-height-no e-con e-parent\" data-id=\"6079ccd\" data-element_type=\"container\" data-e-type=\"container\">\n\t\t\t\t\t<div class=\"e-con-inner\">\n\t\t\t\t<div class=\"elementor-element elementor-element-d4f7782 elementor-widget elementor-widget-heading\" data-id=\"d4f7782\" data-element_type=\"widget\" data-e-type=\"widget\" data-widget_type=\"heading.default\">\n\t\t\t\t<div class=\"elementor-widget-container\">\n\t\t\t\t\t<h1 class=\"elementor-heading-title elementor-size-default\">Promosyon \u00fcr\u00fcnleri<\/h1>\t\t\t\t<\/div>\n\t\t\t\t<\/div>\n\t\t\t\t<div class=\"elementor-element elementor-element-14d589d elementor-widget elementor-widget-text-editor\" data-id=\"14d589d\" data-element_type=\"widget\" data-e-type=\"widget\" data-widget_type=\"text-editor.default\">\n\t\t\t\t<div class=\"elementor-widget-container\">\n\t\t\t\t\t\t\t\t\t<p>Yarat\u0131c\u0131 promosyon \u00fcr\u00fcnleri insanlar\u0131n akl\u0131nda kal\u0131r ve markan\u0131z\u0131 elle tutulur hale getirir. Hedef kitleniz do\u011frultusunda i\u015fletmeniz i\u00e7in en do\u011fru promosyon \u00fcr\u00fcn\u00fcn\u00fc bulaca\u011f\u0131z.<\/p>\t\t\t\t\t\t\t\t<\/div>\n\t\t\t\t<\/div>\n\t\t\t\t\t<\/div>\n\t\t\t\t<\/div>\n\t\t<div class=\"elementor-element elementor-element-9489333 e-flex e-con-boxed wpr-particle-no wpr-jarallax-no wpr-parallax-no wpr-sticky-section-no wpr-equal-height-no e-con e-parent\" data-id=\"9489333\" data-element_type=\"container\" data-e-type=\"container\">\n\t\t\t\t\t<div class=\"e-con-inner\">\n\t\t<div class=\"elementor-element elementor-element-521dac0 e-con-full e-flex wpr-particle-no wpr-jarallax-no wpr-parallax-no wpr-sticky-section-no wpr-equal-height-no e-con e-child\" data-id=\"521dac0\" data-element_type=\"container\" data-e-type=\"container\">\n\t\t\t\t<div class=\"elementor-element elementor-element-4e48a62 elementor-widget elementor-widget-heading\" data-id=\"4e48a62\" data-element_type=\"widget\" data-e-type=\"widget\" data-widget_type=\"heading.default\">\n\t\t\t\t<div class=\"elementor-widget-container\">\n\t\t\t\t\t<h2 class=\"elementor-heading-title elementor-size-default\">Markan\u0131z\u0131 g\u00fc\u00e7lendiren unutulmaz promosyon hediyeler\n<\/h2>\t\t\t\t<\/div>\n\t\t\t\t<\/div>\n\t\t\t\t<div class=\"elementor-element elementor-element-b02f4d7 elementor-widget elementor-widget-text-editor\" data-id=\"b02f4d7\" data-element_type=\"widget\" data-e-type=\"widget\" data-widget_type=\"text-editor.default\">\n\t\t\t\t<div class=\"elementor-widget-container\">\n\t\t\t\t\t\t\t\t\t<p>Promosyon \u00fcr\u00fcnleri, marka fark\u0131ndal\u0131\u011f\u0131 yaratman\u0131n ve m\u00fc\u015fteri sadakati olu\u015fturman\u0131n etkili bir yoludur. G\u00fcnl\u00fck \u00fcr\u00fcnlerden benzersiz, \u0131smarlama \u00fcr\u00fcnlere kadar geni\u015f bir yelpazede ki\u015fiselle\u015ftirilebilir promosyon \u00fcr\u00fcnleri sunuyoruz. Promosyon \u00fcr\u00fcnlerimiz sadece pratik de\u011fil, ayn\u0131 zamanda \u015f\u0131kt\u0131r ve markan\u0131z\u0131 m\u00fc\u015fterileriniz taraf\u0131ndan hat\u0131rlanacak \u015fekilde temsil eder.<\/p>\t\t\t\t\t\t\t\t<\/div>\n\t\t\t\t<\/div>\n\t\t\t\t<\/div>\n\t\t<div class=\"elementor-element elementor-element-4c66901 e-con-full e-flex wpr-particle-no wpr-jarallax-no wpr-parallax-no wpr-sticky-section-no wpr-equal-height-no e-con e-child\" data-id=\"4c66901\" data-element_type=\"container\" data-e-type=\"container\">\n\t\t\t\t<div class=\"elementor-element elementor-element-7bd046f elementor-widget elementor-widget-image\" data-id=\"7bd046f\" data-element_type=\"widget\" data-e-type=\"widget\" data-widget_type=\"image.default\">\n\t\t\t\t<div class=\"elementor-widget-container\">\n\t\t\t\t\t\t\t\t\t\t\t\t\t\t\t<img fetchpriority=\"high\" decoding=\"async\" width=\"960\" height=\"640\" src=\"https:\/\/pbs-marketing.de\/wp-content\/uploads\/2023\/11\/promotional-products-694791_1920-1030x687.jpg\" class=\"attachment-large size-large wp-image-1223\" alt=\"\" srcset=\"https:\/\/pbs-marketing.de\/wp-content\/uploads\/2023\/11\/promotional-products-694791_1920-1030x687.jpg 1030w, https:\/\/pbs-marketing.de\/wp-content\/uploads\/2023\/11\/promotional-products-694791_1920-300x200.jpg 300w, https:\/\/pbs-marketing.de\/wp-content\/uploads\/2023\/11\/promotional-products-694791_1920-768x512.jpg 768w, https:\/\/pbs-marketing.de\/wp-content\/uploads\/2023\/11\/promotional-products-694791_1920-1536x1024.jpg 1536w, https:\/\/pbs-marketing.de\/wp-content\/uploads\/2023\/11\/promotional-products-694791_1920.jpg 1920w\" sizes=\"(max-width: 960px) 100vw, 960px\" \/>\t\t\t\t\t\t\t\t\t\t\t\t\t\t\t<\/div>\n\t\t\t\t<\/div>\n\t\t\t\t<\/div>\n\t\t\t\t\t<\/div>\n\t\t\t\t<\/div>\n\t\t<div class=\"elementor-element elementor-element-1fcb276 e-flex e-con-boxed wpr-particle-no wpr-jarallax-no wpr-parallax-no wpr-sticky-section-no wpr-equal-height-no e-con e-parent\" data-id=\"1fcb276\" data-element_type=\"container\" data-e-type=\"container\">\n\t\t\t\t\t<div class=\"e-con-inner\">\n\t\t<div class=\"elementor-element elementor-element-0f5509d e-con-full e-flex wpr-particle-no wpr-jarallax-no wpr-parallax-no wpr-sticky-section-no wpr-equal-height-no e-con e-child\" data-id=\"0f5509d\" data-element_type=\"container\" data-e-type=\"container\">\n\t\t\t\t<div class=\"elementor-element elementor-element-4d90e98 elementor-widget elementor-widget-image\" data-id=\"4d90e98\" data-element_type=\"widget\" data-e-type=\"widget\" data-widget_type=\"image.default\">\n\t\t\t\t<div class=\"elementor-widget-container\">\n\t\t\t\t\t\t\t\t\t\t\t\t\t\t\t<img decoding=\"async\" width=\"960\" height=\"839\" src=\"https:\/\/pbs-marketing.de\/wp-content\/uploads\/2023\/11\/promotional-products-694786_1920-e1701253241155-1030x900.jpg\" class=\"attachment-large size-large wp-image-1227\" alt=\"\" srcset=\"https:\/\/pbs-marketing.de\/wp-content\/uploads\/2023\/11\/promotional-products-694786_1920-e1701253241155-1030x900.jpg 1030w, https:\/\/pbs-marketing.de\/wp-content\/uploads\/2023\/11\/promotional-products-694786_1920-e1701253241155-300x262.jpg 300w, https:\/\/pbs-marketing.de\/wp-content\/uploads\/2023\/11\/promotional-products-694786_1920-e1701253241155-768x671.jpg 768w, https:\/\/pbs-marketing.de\/wp-content\/uploads\/2023\/11\/promotional-products-694786_1920-e1701253241155.jpg 1494w\" sizes=\"(max-width: 960px) 100vw, 960px\" \/>\t\t\t\t\t\t\t\t\t\t\t\t\t\t\t<\/div>\n\t\t\t\t<\/div>\n\t\t\t\t<\/div>\n\t\t<div class=\"elementor-element elementor-element-19c745f e-con-full e-flex wpr-particle-no wpr-jarallax-no wpr-parallax-no wpr-sticky-section-no wpr-equal-height-no e-con e-child\" data-id=\"19c745f\" data-element_type=\"container\" data-e-type=\"container\">\n\t\t\t\t<div class=\"elementor-element elementor-element-0750978 elementor-widget elementor-widget-heading\" data-id=\"0750978\" data-element_type=\"widget\" data-e-type=\"widget\" data-widget_type=\"heading.default\">\n\t\t\t\t<div class=\"elementor-widget-container\">\n\t\t\t\t\t<h2 class=\"elementor-heading-title elementor-size-default\">Markan\u0131z\u0131 unutulmaz k\u0131lan \u00f6zelle\u015ftirilmi\u015f reklam malzemeleri<\/h2>\t\t\t\t<\/div>\n\t\t\t\t<\/div>\n\t\t\t\t<div class=\"elementor-element elementor-element-94ac24a elementor-widget elementor-widget-text-editor\" data-id=\"94ac24a\" data-element_type=\"widget\" data-e-type=\"widget\" data-widget_type=\"text-editor.default\">\n\t\t\t\t<div class=\"elementor-widget-container\">\n\t\t\t\t\t\t\t\t\t<p>Markan\u0131z\u0131 unutulmaz k\u0131lan \u00f6zelle\u015ftirilmi\u015f reklam malzemeleri<br \/>Markan\u0131z\u0131 m\u00fc\u015fterilerinizin g\u00fcnl\u00fck ya\u015famlar\u0131na etkili bir \u015fekilde entegre eden \u00e7ok \u00e7e\u015fitli yarat\u0131c\u0131 promosyon \u00fcr\u00fcnleri sunuyoruz. Bask\u0131l\u0131 kalemler ve kupalar gibi klasik \u00fcr\u00fcnlerden USB bellekler ve kablosuz \u015farj cihazlar\u0131 gibi modern ara\u00e7lara kadar her \u00fcr\u00fcn, markan\u0131z\u0131n maksimum g\u00f6r\u00fcn\u00fcrl\u00fc\u011f\u00fcn\u00fc sa\u011flamak i\u00e7in \u00f6zenle se\u00e7ilir ve tasarlan\u0131r. Her bir promosyon \u00fcr\u00fcn\u00fcn\u00fcn yaln\u0131zca pratik de\u011fil, ayn\u0131 zamanda uzun vadeli marka sadakatini te\u015fvik etmek i\u00e7in estetik a\u00e7\u0131dan ho\u015f ve dayan\u0131kl\u0131 olmas\u0131n\u0131 sa\u011fl\u0131yoruz.<\/p><p>Ki\u015fiselle\u015ftirilmi\u015f promosyon \u00fcr\u00fcnlerimiz ticari fuarlar, kurumsal etkinlikler veya genel pazarlama stratejinizin bir par\u00e7as\u0131 olarak idealdir. Ayr\u0131ca, \u00e7evre bilinci ve s\u00fcrd\u00fcr\u00fclebilirli\u011fe olan ba\u011fl\u0131l\u0131\u011f\u0131n\u0131z\u0131 g\u00f6steren eko kuma\u015f \u00e7antalar ve yeniden kullan\u0131labilir su \u015fi\u015feleri gibi s\u00fcrd\u00fcr\u00fclebilir se\u00e7enekler de sunuyoruz. Bu \u00fcr\u00fcnler yaln\u0131zca etkili bir pazarlama arac\u0131 olmakla kalmaz, ayn\u0131 zamanda kullan\u0131\u015fl\u0131 ve \u00e7evre dostu olmalar\u0131 sayesinde markan\u0131z\u0131n olumlu alg\u0131lanmas\u0131n\u0131 da sa\u011flar.<\/p>\t\t\t\t\t\t\t\t<\/div>\n\t\t\t\t<\/div>\n\t\t\t\t<\/div>\n\t\t\t\t\t<\/div>\n\t\t\t\t<\/div>\n\t\t\t\t<\/div>","protected":false},"excerpt":{"rendered":"<p>Werbeartikel Kreative Werbeartikel bleiben im Kopf und machen Ihre Marke f\u00fchlbar. Wir finden zielgruppenorientiert den passenden Werbeartikel f\u00fcr Ihr Gewerbe. Unvergessliche Werbegeschenke, die Ihre Marke st\u00e4rken Werbeartikel sind eine effektive Methode, um Markenbewusstsein zu schaffen und die Kundenbindung zu st\u00e4rken. Wir bieten ein umfangreiches Sortiment an personalisierbaren Werbeartikeln, von allt\u00e4glichen Gegenst\u00e4nden bis hin zu einzigartigen, ma\u00dfgeschneiderten Produkten. Unsere Werbeartikel sind nicht nur praktisch, sondern auch stilvoll und repr\u00e4sentieren Ihre Marke auf eine Weise, die bei Ihren Kunden in Erinnerung\u00a0bleibt. Individuelle Werbemittel, die Ihre Marke im Ged\u00e4chtnis verankern Individuelle Werbemittel, die Ihre Marke im Ged\u00e4chtnis verankernWir bieten ein breites Spektrum an kreativen Werbeartikeln an, die Ihre Marke effektiv in den Alltag Ihrer Kunden integrieren. Von klassischen Artikeln wie bedruckten Stiften und Tassen bis hin zu modernen Gadgets wie USB-Sticks und kabellosen Ladeger\u00e4ten, jeder Artikel wird sorgf\u00e4ltig ausgew\u00e4hlt und gestaltet, um maximale Sichtbarkeit Ihrer Marke zu gew\u00e4hrleisten. Wir stellen sicher, dass jeder Werbeartikel nicht nur praktisch, sondern auch \u00e4sthetisch ansprechend und langlebig ist, um eine langfristige Markenbindung zu f\u00f6rdern. Unsere personalisierten Werbeartikel sind ideale Begleiter f\u00fcr Messen, Unternehmensveranstaltungen oder als Teil Ihrer allgemeinen Marketingstrategie. Wir bieten auch nachhaltige Optionen wie \u00f6kologische Stofftaschen und wiederverwendbare Wasserflaschen, die Ihre Verpflichtung zu Umweltbewusstsein und Nachhaltigkeit demonstrieren. Diese Artikel sind nicht nur ein effektives Marketinginstrument, sondern f\u00f6rdern auch eine positive Wahrnehmung Ihrer Marke, indem sie n\u00fctzlich und umweltfreundlich sind.<\/p>","protected":false},"author":3,"featured_media":0,"parent":0,"menu_order":0,"comment_status":"closed","ping_status":"closed","template":"","meta":{"_monsterinsights_skip_tracking":false,"_monsterinsights_sitenote_active":false,"_monsterinsights_sitenote_note":"","_monsterinsights_sitenote_category":0,"footnotes":""},"class_list":["post-1185","page","type-page","status-publish","hentry"],"_links":{"self":[{"href":"https:\/\/pbs-marketing.de\/tr\/wp-json\/wp\/v2\/pages\/1185","targetHints":{"allow":["GET"]}}],"collection":[{"href":"https:\/\/pbs-marketing.de\/tr\/wp-json\/wp\/v2\/pages"}],"about":[{"href":"https:\/\/pbs-marketing.de\/tr\/wp-json\/wp\/v2\/types\/page"}],"author":[{"embeddable":true,"href":"https:\/\/pbs-marketing.de\/tr\/wp-json\/wp\/v2\/users\/3"}],"replies":[{"embeddable":true,"href":"https:\/\/pbs-marketing.de\/tr\/wp-json\/wp\/v2\/comments?post=1185"}],"version-history":[{"count":10,"href":"https:\/\/pbs-marketing.de\/tr\/wp-json\/wp\/v2\/pages\/1185\/revisions"}],"predecessor-version":[{"id":1230,"href":"https:\/\/pbs-marketing.de\/tr\/wp-json\/wp\/v2\/pages\/1185\/revisions\/1230"}],"wp:attachment":[{"href":"https:\/\/pbs-marketing.de\/tr\/wp-json\/wp\/v2\/media?parent=1185"}],"curies":[{"name":"wp","href":"https:\/\/api.w.org\/{rel}","templated":true}]}}