{"id":1190,"date":"2023-11-24T15:46:27","date_gmt":"2023-11-24T14:46:27","guid":{"rendered":"https:\/\/pbs-marketing.de\/?page_id=1190"},"modified":"2023-11-29T10:15:48","modified_gmt":"2023-11-29T09:15:48","slug":"e-commerce","status":"publish","type":"page","link":"https:\/\/pbs-marketing.de\/tr\/e-commerce\/","title":{"rendered":"E-Ticaret"},"content":{"rendered":"<div data-elementor-type=\"wp-page\" data-elementor-id=\"1190\" class=\"elementor elementor-1190\" data-elementor-post-type=\"page\">\n\t\t\t\t<div class=\"elementor-element elementor-element-122252c e-flex e-con-boxed wpr-particle-no wpr-jarallax-no wpr-parallax-no wpr-sticky-section-no wpr-equal-height-no e-con e-parent\" data-id=\"122252c\" data-element_type=\"container\" data-e-type=\"container\">\n\t\t\t\t\t<div class=\"e-con-inner\">\n\t\t\t\t<div class=\"elementor-element elementor-element-7f10478 elementor-widget elementor-widget-heading\" data-id=\"7f10478\" data-element_type=\"widget\" data-e-type=\"widget\" data-widget_type=\"heading.default\">\n\t\t\t\t<div class=\"elementor-widget-container\">\n\t\t\t\t\t<h2 class=\"elementor-heading-title elementor-size-default\">E-Ticaret<\/h2>\t\t\t\t<\/div>\n\t\t\t\t<\/div>\n\t\t\t\t<div class=\"elementor-element elementor-element-282ee52 elementor-widget elementor-widget-text-editor\" data-id=\"282ee52\" data-element_type=\"widget\" data-e-type=\"widget\" data-widget_type=\"text-editor.default\">\n\t\t\t\t<div class=\"elementor-widget-container\">\n\t\t\t\t\t\t\t\t\t<p>Sizin i\u00e7in \u00f6zelle\u015ftirilmi\u015f e-ticaret \u00e7\u00f6z\u00fcmleri geli\u015ftiriyoruz. \u00c7evrimi\u00e7i ma\u011fazalar\u0131n olu\u015fturulmas\u0131 ve bak\u0131m\u0131, web geli\u015ftirme ve web tasar\u0131m\u0131.<\/p>\t\t\t\t\t\t\t\t<\/div>\n\t\t\t\t<\/div>\n\t\t\t\t\t<\/div>\n\t\t\t\t<\/div>\n\t\t<div class=\"elementor-element elementor-element-84cc6a3 e-flex e-con-boxed wpr-particle-no wpr-jarallax-no wpr-parallax-no wpr-sticky-section-no wpr-equal-height-no e-con e-parent\" data-id=\"84cc6a3\" data-element_type=\"container\" data-e-type=\"container\">\n\t\t\t\t\t<div class=\"e-con-inner\">\n\t\t<div class=\"elementor-element elementor-element-cf6f64f e-con-full e-flex wpr-particle-no wpr-jarallax-no wpr-parallax-no wpr-sticky-section-no wpr-equal-height-no e-con e-child\" data-id=\"cf6f64f\" data-element_type=\"container\" data-e-type=\"container\">\n\t\t\t\t<div class=\"elementor-element elementor-element-7297a06 elementor-widget elementor-widget-heading\" data-id=\"7297a06\" data-element_type=\"widget\" data-e-type=\"widget\" data-widget_type=\"heading.default\">\n\t\t\t\t<div class=\"elementor-widget-container\">\n\t\t\t\t\t<h2 class=\"elementor-heading-title elementor-size-default\">\u00c7evrimi\u00e7i ba\u015far\u0131y\u0131 art\u0131rmak i\u00e7in eksiksiz e-ticaret stratejileri\n<\/h2>\t\t\t\t<\/div>\n\t\t\t\t<\/div>\n\t\t\t\t<div class=\"elementor-element elementor-element-139cfc0 elementor-widget elementor-widget-text-editor\" data-id=\"139cfc0\" data-element_type=\"widget\" data-e-type=\"widget\" data-widget_type=\"text-editor.default\">\n\t\t\t\t<div class=\"elementor-widget-container\">\n\t\t\t\t\t\t\t\t\t<p>B\u00fct\u00fcnsel e-ticaret \u00e7\u00f6z\u00fcmlerimiz online perakendenin t\u00fcm y\u00f6nlerini kapsar. Kullan\u0131c\u0131 dostu web siteleri olu\u015fturmaktan ki\u015fiselle\u015ftirilmi\u015f \u00fcr\u00fcn \u00f6nerileri ve g\u00fcvenli \u00f6deme se\u00e7enekleri gibi geli\u015fmi\u015f \u00f6zellikleri entegre etmeye kadar, ba\u015far\u0131l\u0131 bir \u00e7evrimi\u00e7i ma\u011faza i\u00e7in ihtiyac\u0131n\u0131z olan her \u015feyi sunuyoruz. Olumlu bir al\u0131\u015fveri\u015f deneyimi sa\u011flamak i\u00e7in sezgisel bir kullan\u0131c\u0131 aray\u00fcz\u00fcne, h\u0131zl\u0131 y\u00fckleme s\u00fcrelerine ve t\u00fcm cihazlarda optimum g\u00f6r\u00fcnt\u00fcye \u00f6ncelik veriyoruz.<\/p><p>Buna ek olarak, etkili bir \u00e7evrimi\u00e7i ma\u011fazan\u0131n web sitesinin \u00f6tesine ge\u00e7ti\u011fini biliyoruz. \u00dcr\u00fcnlerinizi arama motorlar\u0131nda daha g\u00f6r\u00fcn\u00fcr k\u0131lmak i\u00e7in kapsaml\u0131 SEO hizmetleri ve web sitenize hedeflenen trafi\u011fi y\u00f6nlendiren dijital pazarlama stratejileri sunuyoruz. Ayr\u0131nt\u0131l\u0131 analizler ve raporlarla, sat\u0131\u015flar\u0131 en \u00fcst d\u00fczeye \u00e7\u0131karmak i\u00e7in ma\u011fazan\u0131z\u0131n performans\u0131n\u0131 izleyebilir ve optimize edebilirsiniz. Uzmanlar\u0131m\u0131z, e-ticaret stratejinizin yaln\u0131zca \u00fcr\u00fcnlerinizi m\u00fcmk\u00fcn olan en iyi \u015fekilde sergilemesini de\u011fil, ayn\u0131 zamanda sat\u0131\u015f hedeflerinizi a\u015fmas\u0131n\u0131 sa\u011flamak i\u00e7in sizinle yak\u0131n bir \u015fekilde \u00e7al\u0131\u015facakt\u0131r.<\/p>\t\t\t\t\t\t\t\t<\/div>\n\t\t\t\t<\/div>\n\t\t\t\t<\/div>\n\t\t<div class=\"elementor-element elementor-element-194e037 e-con-full e-flex wpr-particle-no wpr-jarallax-no wpr-parallax-no wpr-sticky-section-no wpr-equal-height-no e-con e-child\" data-id=\"194e037\" data-element_type=\"container\" data-e-type=\"container\">\n\t\t\t\t<div class=\"elementor-element elementor-element-f7c8725 elementor-widget elementor-widget-image\" data-id=\"f7c8725\" data-element_type=\"widget\" data-e-type=\"widget\" data-widget_type=\"image.default\">\n\t\t\t\t<div class=\"elementor-widget-container\">\n\t\t\t\t\t\t\t\t\t\t\t\t\t\t\t<img fetchpriority=\"high\" decoding=\"async\" width=\"849\" height=\"1030\" src=\"https:\/\/pbs-marketing.de\/wp-content\/uploads\/2023\/11\/roberto-cortese-F1I4IN86NiE-unsplash-scaled-e1701249293867-849x1030.jpg\" class=\"attachment-large size-large wp-image-1211\" alt=\"\" srcset=\"https:\/\/pbs-marketing.de\/wp-content\/uploads\/2023\/11\/roberto-cortese-F1I4IN86NiE-unsplash-scaled-e1701249293867-849x1030.jpg 849w, https:\/\/pbs-marketing.de\/wp-content\/uploads\/2023\/11\/roberto-cortese-F1I4IN86NiE-unsplash-scaled-e1701249293867-247x300.jpg 247w, https:\/\/pbs-marketing.de\/wp-content\/uploads\/2023\/11\/roberto-cortese-F1I4IN86NiE-unsplash-scaled-e1701249293867-768x931.jpg 768w, https:\/\/pbs-marketing.de\/wp-content\/uploads\/2023\/11\/roberto-cortese-F1I4IN86NiE-unsplash-scaled-e1701249293867-1267x1536.jpg 1267w, https:\/\/pbs-marketing.de\/wp-content\/uploads\/2023\/11\/roberto-cortese-F1I4IN86NiE-unsplash-scaled-e1701249293867-1689x2048.jpg 1689w, https:\/\/pbs-marketing.de\/wp-content\/uploads\/2023\/11\/roberto-cortese-F1I4IN86NiE-unsplash-scaled-e1701249293867.jpg 1706w\" sizes=\"(max-width: 849px) 100vw, 849px\" \/>\t\t\t\t\t\t\t\t\t\t\t\t\t\t\t<\/div>\n\t\t\t\t<\/div>\n\t\t\t\t<\/div>\n\t\t\t\t\t<\/div>\n\t\t\t\t<\/div>\n\t\t<div class=\"elementor-element elementor-element-be56294 e-flex e-con-boxed wpr-particle-no wpr-jarallax-no wpr-parallax-no wpr-sticky-section-no wpr-equal-height-no e-con e-parent\" data-id=\"be56294\" data-element_type=\"container\" data-e-type=\"container\">\n\t\t\t\t\t<div class=\"e-con-inner\">\n\t\t<div class=\"elementor-element elementor-element-805d177 e-con-full e-flex wpr-particle-no wpr-jarallax-no wpr-parallax-no wpr-sticky-section-no wpr-equal-height-no e-con e-child\" data-id=\"805d177\" data-element_type=\"container\" data-e-type=\"container\">\n\t\t\t\t<div class=\"elementor-element elementor-element-bd997a0 elementor-widget elementor-widget-image\" data-id=\"bd997a0\" data-element_type=\"widget\" data-e-type=\"widget\" data-widget_type=\"image.default\">\n\t\t\t\t<div class=\"elementor-widget-container\">\n\t\t\t\t\t\t\t\t\t\t\t\t\t\t\t<img decoding=\"async\" width=\"960\" height=\"640\" src=\"https:\/\/pbs-marketing.de\/wp-content\/uploads\/2023\/11\/rupixen-com-Q59HmzK38eQ-unsplash-1030x687.jpg\" class=\"attachment-large size-large wp-image-1212\" alt=\"\" srcset=\"https:\/\/pbs-marketing.de\/wp-content\/uploads\/2023\/11\/rupixen-com-Q59HmzK38eQ-unsplash-1030x687.jpg 1030w, https:\/\/pbs-marketing.de\/wp-content\/uploads\/2023\/11\/rupixen-com-Q59HmzK38eQ-unsplash-300x200.jpg 300w, https:\/\/pbs-marketing.de\/wp-content\/uploads\/2023\/11\/rupixen-com-Q59HmzK38eQ-unsplash-768x512.jpg 768w, https:\/\/pbs-marketing.de\/wp-content\/uploads\/2023\/11\/rupixen-com-Q59HmzK38eQ-unsplash-1536x1024.jpg 1536w, https:\/\/pbs-marketing.de\/wp-content\/uploads\/2023\/11\/rupixen-com-Q59HmzK38eQ-unsplash-2048x1365.jpg 2048w\" sizes=\"(max-width: 960px) 100vw, 960px\" \/>\t\t\t\t\t\t\t\t\t\t\t\t\t\t\t<\/div>\n\t\t\t\t<\/div>\n\t\t\t\t<\/div>\n\t\t<div class=\"elementor-element elementor-element-3588671 e-con-full e-flex wpr-particle-no wpr-jarallax-no wpr-parallax-no wpr-sticky-section-no wpr-equal-height-no e-con e-child\" data-id=\"3588671\" data-element_type=\"container\" data-e-type=\"container\">\n\t\t\t\t<div class=\"elementor-element elementor-element-1af40a0 elementor-widget elementor-widget-heading\" data-id=\"1af40a0\" data-element_type=\"widget\" data-e-type=\"widget\" data-widget_type=\"heading.default\">\n\t\t\t\t<div class=\"elementor-widget-container\">\n\t\t\t\t\t<h2 class=\"elementor-heading-title elementor-size-default\">\u00c7evrimi\u00e7i sat\u0131\u015flar\u0131n\u0131z\u0131 en \u00fcst d\u00fczeye \u00e7\u0131kar\u0131n\n\n<\/h2>\t\t\t\t<\/div>\n\t\t\t\t<\/div>\n\t\t\t\t<div class=\"elementor-element elementor-element-92a5825 elementor-widget elementor-widget-text-editor\" data-id=\"92a5825\" data-element_type=\"widget\" data-e-type=\"widget\" data-widget_type=\"text-editor.default\">\n\t\t\t\t<div class=\"elementor-widget-container\">\n\t\t\t\t\t\t\t\t\t<p>E-ticarette ba\u015far\u0131, g\u00fc\u00e7l\u00fc bir \u00e7evrimi\u00e7i varl\u0131\u011fa ve kullan\u0131c\u0131 dostu bir al\u0131\u015fveri\u015f deneyimine ba\u011fl\u0131d\u0131r. Sezgisel \u00e7evrimi\u00e7i ma\u011fazalar\u0131n geli\u015ftirilmesinden arama motoru optimizasyonu ve sosyal medya entegrasyonuna kadar u\u00e7tan uca e-ticaret \u00e7\u00f6z\u00fcmleri sunuyoruz. Amac\u0131m\u0131z yaln\u0131zca \u00fcr\u00fcnlerinizi etkili bir \u015fekilde sunmak de\u011fil, ayn\u0131 zamanda d\u00f6n\u00fc\u015f\u00fcm oranlar\u0131n\u0131 art\u0131rmak ve s\u00fcrd\u00fcr\u00fclebilir sat\u0131\u015f ba\u015far\u0131s\u0131 sa\u011flamakt\u0131r.<\/p>\t\t\t\t\t\t\t\t<\/div>\n\t\t\t\t<\/div>\n\t\t\t\t<\/div>\n\t\t\t\t\t<\/div>\n\t\t\t\t<\/div>\n\t\t\t\t<\/div>","protected":false},"excerpt":{"rendered":"<p>E-Commerce Wir entwickeln f\u00fcr Sie individuelle E-Commerce-L\u00f6sungen. Erstellung und Pflege von Online-Shops, Web-Entwicklung und Webdesign. Vollst\u00e4ndige E-Commerce-Strategien f\u00fcr wachsenden Online-Erfolg Unsere ganzheitlichen E-Commerce-L\u00f6sungen decken alle Aspekte des Online-Handels ab. Von der Erstellung benutzerfreundlicher Websites bis hin zur Integration fortschrittlicher Funktionen wie personalisierte Produktempfehlungen und sichere Zahlungsoptionen, wir bieten alles, was Sie f\u00fcr einen erfolgreichen Online-Shop ben\u00f6tigen. Wir legen gro\u00dfen Wert auf eine intuitive Benutzeroberfl\u00e4che, schnelle Ladezeiten und eine optimale Darstellung auf allen Ger\u00e4ten, um ein positives Einkaufserlebnis zu gew\u00e4hrleisten. Dar\u00fcber hinaus verstehen wir, dass ein effektiver Online-Shop \u00fcber die Website hinausgeht. Wir bieten umfassende SEO-Dienstleistungen, um Ihre Produkte in Suchmaschinen sichtbarer zu machen und digitale Marketingstrategien, die gezielt Traffic auf Ihre Website leiten. Mit detaillierten Analysen und Berichten k\u00f6nnen Sie die Leistung Ihres Shops \u00fcberwachen und optimieren, um den Umsatz zu maximieren. Unsere Experten arbeiten eng mit Ihnen zusammen, um sicherzustellen, dass Ihre E-Commerce-Strategie nicht nur Ihre Produkte optimal pr\u00e4sentiert, sondern auch Ihre Verkaufsziele\u00a0\u00fcbertrifft. Maximieren Sie Ihren Online-Verkauf Der Erfolg im E-Commerce h\u00e4ngt von einer starken Online-Pr\u00e4senz und einer benutzerfreundlichen Einkaufserfahrung ab. Wir bieten end-to-end E-Commerce-L\u00f6sungen, die von der Entwicklung intuitiver Online-Shops bis hin zur Suchmaschinenoptimierung und Social Media Integration reichen. Unser Ziel ist es, nicht nur Ihre Produkte effektiv zu pr\u00e4sentieren, sondern auch die Konversionsrate zu steigern und nachhaltigen Verkaufserfolg\u00a0zu\u00a0sichern.<\/p>","protected":false},"author":3,"featured_media":0,"parent":0,"menu_order":0,"comment_status":"closed","ping_status":"closed","template":"","meta":{"_monsterinsights_skip_tracking":false,"_monsterinsights_sitenote_active":false,"_monsterinsights_sitenote_note":"","_monsterinsights_sitenote_category":0,"footnotes":""},"class_list":["post-1190","page","type-page","status-publish","hentry"],"_links":{"self":[{"href":"https:\/\/pbs-marketing.de\/tr\/wp-json\/wp\/v2\/pages\/1190","targetHints":{"allow":["GET"]}}],"collection":[{"href":"https:\/\/pbs-marketing.de\/tr\/wp-json\/wp\/v2\/pages"}],"about":[{"href":"https:\/\/pbs-marketing.de\/tr\/wp-json\/wp\/v2\/types\/page"}],"author":[{"embeddable":true,"href":"https:\/\/pbs-marketing.de\/tr\/wp-json\/wp\/v2\/users\/3"}],"replies":[{"embeddable":true,"href":"https:\/\/pbs-marketing.de\/tr\/wp-json\/wp\/v2\/comments?post=1190"}],"version-history":[{"count":7,"href":"https:\/\/pbs-marketing.de\/tr\/wp-json\/wp\/v2\/pages\/1190\/revisions"}],"predecessor-version":[{"id":1215,"href":"https:\/\/pbs-marketing.de\/tr\/wp-json\/wp\/v2\/pages\/1190\/revisions\/1215"}],"wp:attachment":[{"href":"https:\/\/pbs-marketing.de\/tr\/wp-json\/wp\/v2\/media?parent=1190"}],"curies":[{"name":"wp","href":"https:\/\/api.w.org\/{rel}","templated":true}]}}