{"id":476,"date":"2022-02-22T16:19:58","date_gmt":"2022-02-22T15:19:58","guid":{"rendered":"https:\/\/pbs-marketing.de\/?page_id=476"},"modified":"2023-12-14T10:24:16","modified_gmt":"2023-12-14T09:24:16","slug":"datenschutz","status":"publish","type":"page","link":"https:\/\/pbs-marketing.de\/tr\/datenschutz\/","title":{"rendered":"Veri koruma"},"content":{"rendered":"<section class=\"avia_codeblock_section  avia_code_block_0\">\n<div class=\"avia_codeblock\">\n<h1>G\u0130ZL\u0130L\u0130K POL\u0130T\u0130KASI<\/h1>\n<h2>VERI\u0307 KORUMA<\/h2>\n<p>Bu sayfalar\u0131n operat\u00f6rleri ki\u015fisel verilerinizin korunmas\u0131n\u0131 \u00e7ok ciddiye almaktad\u0131r. Ki\u015fisel verilerinizi gizli ve yasal veri koruma d\u00fczenlemelerine ve bu gizlilik politikas\u0131na uygun olarak ele al\u0131yoruz.<\/p>\n<p>Web sitemizin kullan\u0131m\u0131 genellikle ki\u015fisel veriler sa\u011flanmadan m\u00fcmk\u00fcnd\u00fcr. Web sitemizde ki\u015fisel veriler (\u00f6rn. isim, adres veya e-posta adresleri) topland\u0131\u011f\u0131nda, bu her zaman m\u00fcmk\u00fcn oldu\u011funca g\u00f6n\u00fcll\u00fcl\u00fck esas\u0131na g\u00f6re yap\u0131l\u0131r. Bu veriler, sizin a\u00e7\u0131k r\u0131zan\u0131z olmadan \u00fc\u00e7\u00fcnc\u00fc taraflara aktar\u0131lmayacakt\u0131r.<\/p>\n<p>\u0130nternet \u00fczerinden veri aktar\u0131m\u0131nda (\u00f6rne\u011fin e-posta ile ileti\u015fimde) g\u00fcvenlik a\u00e7\u0131klar\u0131 olabilece\u011fini belirtmek isteriz. Verilerin \u00fc\u00e7\u00fcnc\u00fc taraflar\u0131n eri\u015fimine kar\u015f\u0131 tam olarak korunmas\u0131 m\u00fcmk\u00fcn de\u011fildir.<\/p>\n<h2>KURAB\u0130YELER<\/h2>\n<p>\u0130nternet sayfalar\u0131n\u0131n baz\u0131lar\u0131nda \u00e7erezler kullan\u0131lmaktad\u0131r. \u00c7erezler bilgisayar\u0131n\u0131za zarar vermez ve vir\u00fcs i\u00e7ermez. \u00c7erezler, web sitemizi daha kullan\u0131c\u0131 dostu, etkili ve g\u00fcvenli hale getirmek i\u00e7in kullan\u0131l\u0131r. \u00c7erezler, bilgisayar\u0131n\u0131zda depolanan ve taray\u0131c\u0131n\u0131z taraf\u0131ndan kaydedilen k\u00fc\u00e7\u00fck metin dosyalar\u0131d\u0131r.<\/p>\n<p>Kulland\u0131\u011f\u0131m\u0131z \u00e7erezlerin \u00e7o\u011fu \"oturum \u00e7erezleri\" olarak adland\u0131r\u0131l\u0131r. Ziyaretinizin sonunda otomatik olarak silinirler. Di\u011fer \u00e7erezler, siz onlar\u0131 silene kadar son cihaz\u0131n\u0131zda sakl\u0131 kal\u0131r. Bu \u00e7erezler, bir sonraki ziyaretinizde taray\u0131c\u0131n\u0131z\u0131 tan\u0131mam\u0131z\u0131 sa\u011flar.<\/p>\n<p>Taray\u0131c\u0131n\u0131z\u0131, \u00e7erezlerin ayarlanmas\u0131 hakk\u0131nda bilgilendirilecek ve yaln\u0131zca bireysel durumlarda \u00e7erezlere izin verecek, belirli durumlar i\u00e7in veya genel olarak \u00e7erezlerin kabul edilmesini hari\u00e7 tutacak ve taray\u0131c\u0131y\u0131 kapat\u0131rken \u00e7erezlerin otomatik olarak silinmesini etkinle\u015ftirecek \u015fekilde ayarlayabilirsiniz. \u00c7erezler devre d\u0131\u015f\u0131 b\u0131rak\u0131l\u0131rsa, bu web sitesinin i\u015flevselli\u011fi k\u0131s\u0131tlanabilir.<\/p>\n<h2>\u0130LET\u0130\u015e\u0130M FORMU<\/h2>\n<p>\u0130leti\u015fim formu arac\u0131l\u0131\u011f\u0131yla bize soru g\u00f6nderirseniz, orada sa\u011flad\u0131\u011f\u0131n\u0131z ileti\u015fim bilgileri de dahil olmak \u00fczere, talep formundaki bilgileriniz, talebin i\u015flenmesi amac\u0131yla ve takip sorular\u0131 durumunda taraf\u0131m\u0131zdan saklanacakt\u0131r. Bu verileri sizin izniniz olmadan aktarmayaca\u011f\u0131z.<\/p>\n<h2>GOOGLE ANALI\u0307TI\u0307K<\/h2>\n<p>Bu web sitesi, web analiz hizmeti Google Analytics'in i\u015flevlerini kullanmaktad\u0131r. Sa\u011flay\u0131c\u0131 Google Inc, 1600 Amphitheatre Parkway Mountain View, CA 94043, ABD'dir.<\/p>\n<p>Google Analytics \"\u00e7erezler\" olarak adland\u0131r\u0131lan ara\u00e7lar\u0131 kullan\u0131r. Bunlar, bilgisayar\u0131n\u0131zda depolanan ve web sitesini kullan\u0131m\u0131n\u0131z\u0131n analiz edilmesini sa\u011flayan metin dosyalar\u0131d\u0131r. Bu web sitesini kullan\u0131m\u0131n\u0131z hakk\u0131nda \u00e7erez taraf\u0131ndan olu\u015fturulan bilgiler genellikle ABD'deki bir Google sunucusuna aktar\u0131l\u0131r ve orada saklan\u0131r.<\/p>\n<p><strong>Taray\u0131c\u0131 eklentisi<\/strong><\/p>\n<p>Taray\u0131c\u0131n\u0131zda uygun ayarlar\u0131 se\u00e7erek \u00e7erez kullan\u0131m\u0131n\u0131 reddedebilirsiniz, ancak bunu yaparsan\u0131z bu web sitesinin t\u00fcm i\u015flevlerini kullanamayabilece\u011finizi l\u00fctfen unutmay\u0131n. Ayr\u0131ca, a\u015fa\u011f\u0131daki ba\u011flant\u0131da bulunan taray\u0131c\u0131 eklentisini indirip kurarak Google'\u0131n \u00e7erez taraf\u0131ndan olu\u015fturulan ve web sitesini kullan\u0131m\u0131n\u0131zla ilgili verileri (IP adresiniz dahil) toplamas\u0131n\u0131 ve bu verilerin Google taraf\u0131ndan i\u015flenmesini \u00f6nleyebilirsiniz: <a href=\"https:\/\/tools.google.com\/dlpage\/gaoptout?hl=de\" target=\"_blank\" rel=\"noopener\">https:\/\/tools.google.com\/dlpage\/gaoptout?hl=de<\/a><\/p>\n<p><strong>Veri toplamaya itiraz<\/strong><\/p>\n<p>A\u015fa\u011f\u0131daki ba\u011flant\u0131ya t\u0131klayarak verilerinizin Google Analytics taraf\u0131ndan toplanmas\u0131n\u0131 \u00f6nleyebilirsiniz. Bu web sitesine gelecekte yapaca\u011f\u0131n\u0131z ziyaretlerde verilerinizin toplanmas\u0131n\u0131 \u00f6nlemek i\u00e7in bir devre d\u0131\u015f\u0131 b\u0131rakma \u00e7erezi ayarlanacakt\u0131r: <a>Google Analytics'i devre d\u0131\u015f\u0131 b\u0131rakma<\/a><\/p>\n<p>Google Analytics'in kullan\u0131c\u0131 verilerini nas\u0131l i\u015fledi\u011fi hakk\u0131nda daha fazla bilgiyi Google'\u0131n gizlilik politikas\u0131nda bulabilirsiniz: <a href=\"https:\/\/support.google.com\/analytics\/answer\/6004245?hl=de\" target=\"_blank\" rel=\"noopener\">https:\/\/support.google.com\/analytics\/answer\/6004245?hl=de<\/a><\/p>\n<h2>YOUTUBE<\/h2>\n<p>Web sitemiz, Google taraf\u0131ndan i\u015fletilen YouTube sitesinin eklentilerini kullanmaktad\u0131r. Sayfalar\u0131n i\u015fletmecisi YouTube, LLC, 901 Cherry Ave, San Bruno, CA 94066, ABD'dir. Bir YouTube eklentisi ile donat\u0131lm\u0131\u015f sayfalar\u0131m\u0131zdan birini ziyaret etti\u011finizde, YouTube sunucular\u0131na bir ba\u011flant\u0131 kurulur. YouTube sunucusu hangi sayfalar\u0131m\u0131z\u0131 ziyaret etti\u011finiz konusunda bilgilendirilir.<\/p>\n<p>YouTube hesab\u0131n\u0131zda oturum a\u00e7t\u0131ysan\u0131z, YouTube'un gezinme davran\u0131\u015f\u0131n\u0131z\u0131 do\u011frudan ki\u015fisel profilinize atamas\u0131na izin vermi\u015f olursunuz. YouTube hesab\u0131n\u0131zdan \u00e7\u0131k\u0131\u015f yaparak bunu \u00f6nleyebilirsiniz.<\/p>\n<p>Kullan\u0131c\u0131 verilerinin i\u015flenmesine ili\u015fkin daha fazla bilgi YouTube'un \u015fu adresteki gizlilik politikas\u0131nda bulunabilir <a href=\"https:\/\/www.google.de\/intl\/de\/policies\/privacy\" target=\"_blank\" rel=\"noopener\">https:\/\/www.google.de\/intl\/de\/policies\/privacy<\/a><\/p>\n<h2>SSL \u015e\u0130FRELEME<\/h2>\n<p>Bu site, g\u00fcvenlik nedenleriyle ve site operat\u00f6r\u00fc olarak bize g\u00f6nderdi\u011finiz sorular gibi gizli i\u00e7eriklerin iletimini korumak i\u00e7in SSL \u015fifrelemesi kullanmaktad\u0131r. \u015eifrelenmi\u015f bir ba\u011flant\u0131y\u0131, taray\u0131c\u0131n\u0131z\u0131n adres sat\u0131r\u0131n\u0131n \"http:\/\/\" yerine \"https:\/\/\" olarak de\u011fi\u015fmesinden ve taray\u0131c\u0131 sat\u0131r\u0131n\u0131zdaki kilit sembol\u00fcnden anlayabilirsiniz.<\/p>\n<p>SSL \u015fifrelemesi etkinle\u015ftirilirse, bize iletti\u011finiz veriler \u00fc\u00e7\u00fcnc\u00fc taraflarca okunamaz.<\/p>\n<h2>REKLAM E-POSTALARINA ITIRAZ<\/h2>\n<p>Yasal bildirim y\u00fck\u00fcml\u00fcl\u00fc\u011f\u00fcm\u00fcz\u00fcn bir par\u00e7as\u0131 olarak yay\u0131nlanan ileti\u015fim verilerinin istenmeyen reklam ve bilgi materyalleri g\u00f6ndermek amac\u0131yla kullan\u0131lmas\u0131na itiraz ediyoruz. Bu web sitesinin operat\u00f6rleri, spam e-postalar gibi istenmeyen reklam bilgilerinin g\u00f6nderilmesi durumunda yasal i\u015flem yapma hakk\u0131n\u0131 a\u00e7\u0131k\u00e7a sakl\u0131 tutar.<\/p>\n<p>Kaynak: <a href=\"https:\/\/www.e-recht24.de\/\">https:\/\/www.e-recht24.de<\/a><\/p>\n<\/div>\n<\/section>\n<section class=\"av_textblock_section\">\n<div class=\"avia_textblock\">\n<h2>GOOGLE MAPS KULLANIMI<\/h2>\n<p>Bu web sitesi, bir site haritas\u0131 g\u00f6r\u00fcnt\u00fclemek i\u00e7in Google Haritalar'\u0131 kullan\u0131r. Google Haritalar, Google Inc, 1600 Amphitheatre Parkway, Mountain View, CA 94043, ABD taraf\u0131ndan i\u015fletilmektedir. Bu web sitesini kullanarak, otomatik olarak toplanan verilerin ve sizin taraf\u0131n\u0131zdan girilen verilerin Google, temsilcilerinden biri veya \u00fc\u00e7\u00fcnc\u00fc taraf sa\u011flay\u0131c\u0131lar taraf\u0131ndan toplanmas\u0131na, i\u015flenmesine ve kullan\u0131lmas\u0131na izin vermi\u015f olursunuz.<\/p>\n<p>Google Haritalar'\u0131n kullan\u0131m ko\u015fullar\u0131n\u0131 \u015fu adreste bulabilirsiniz\u00a0<a href=\"http:\/\/www.google.com\/intl\/de_de\/help\/terms_maps.html\" target=\"_blank\" rel=\"noopener\">Google Haritalar i\u00e7in kullan\u0131m ko\u015fullar\u0131<\/a>. Daha fazla ayr\u0131nt\u0131y\u0131 google.de adresindeki veri koruma merkezinde bulabilirsiniz:\u00a0<a href=\"http:\/\/www.google.de\/intl\/de\/privacy\/\" target=\"_blank\" rel=\"noopener\">\u015eeffafl\u0131k ve se\u00e7im<\/a>\u00a0ve\u00a0<a href=\"http:\/\/www.google.de\/intl\/de\/privacy\/privacy-policy.html\" target=\"_blank\" rel=\"noopener\">Veri koruma d\u00fczenlemeleri<\/a>.<\/p>\n<\/div>\n<\/section>","protected":false},"excerpt":{"rendered":"","protected":false},"author":3,"featured_media":0,"parent":0,"menu_order":0,"comment_status":"closed","ping_status":"closed","template":"","meta":{"_monsterinsights_skip_tracking":false,"_monsterinsights_sitenote_active":false,"_monsterinsights_sitenote_note":"","_monsterinsights_sitenote_category":0,"footnotes":""},"class_list":["post-476","page","type-page","status-publish","hentry"],"_links":{"self":[{"href":"https:\/\/pbs-marketing.de\/tr\/wp-json\/wp\/v2\/pages\/476","targetHints":{"allow":["GET"]}}],"collection":[{"href":"https:\/\/pbs-marketing.de\/tr\/wp-json\/wp\/v2\/pages"}],"about":[{"href":"https:\/\/pbs-marketing.de\/tr\/wp-json\/wp\/v2\/types\/page"}],"author":[{"embeddable":true,"href":"https:\/\/pbs-marketing.de\/tr\/wp-json\/wp\/v2\/users\/3"}],"replies":[{"embeddable":true,"href":"https:\/\/pbs-marketing.de\/tr\/wp-json\/wp\/v2\/comments?post=476"}],"version-history":[{"count":1,"href":"https:\/\/pbs-marketing.de\/tr\/wp-json\/wp\/v2\/pages\/476\/revisions"}],"predecessor-version":[{"id":1264,"href":"https:\/\/pbs-marketing.de\/tr\/wp-json\/wp\/v2\/pages\/476\/revisions\/1264"}],"wp:attachment":[{"href":"https:\/\/pbs-marketing.de\/tr\/wp-json\/wp\/v2\/media?parent=476"}],"curies":[{"name":"wp","href":"https:\/\/api.w.org\/{rel}","templated":true}]}}